{"id":14,"date":"2021-08-11T11:47:19","date_gmt":"2021-08-11T11:47:19","guid":{"rendered":"http:\/\/46.4.84.82\/~hotelmoen\/?page_id=14"},"modified":"2021-12-13T17:14:54","modified_gmt":"2021-12-13T17:14:54","slug":"om-hotel-moen","status":"publish","type":"page","link":"https:\/\/hotelmoen.dk\/en\/om-hotel-moen\/","title":{"rendered":"About Hotel M\u00f8en"},"content":{"rendered":"\t\t<div data-elementor-type=\"wp-page\" data-elementor-id=\"14\" class=\"elementor elementor-14\" data-elementor-post-type=\"page\">\n\t\t\t\t\t\t<section class=\"elementor-section elementor-top-section elementor-element elementor-element-3adeeb60 elementor-section-full_width elementor-section-height-default elementor-section-height-default\" data-id=\"3adeeb60\" data-element_type=\"section\" data-e-type=\"section\" data-settings=\"{&quot;jet_parallax_layout_list&quot;:[{&quot;jet_parallax_layout_image&quot;:{&quot;url&quot;:&quot;&quot;,&quot;id&quot;:&quot;&quot;,&quot;size&quot;:&quot;&quot;},&quot;_id&quot;:&quot;a82b3bf&quot;,&quot;jet_parallax_layout_image_tablet&quot;:{&quot;url&quot;:&quot;&quot;,&quot;id&quot;:&quot;&quot;,&quot;size&quot;:&quot;&quot;},&quot;jet_parallax_layout_image_mobile&quot;:{&quot;url&quot;:&quot;&quot;,&quot;id&quot;:&quot;&quot;,&quot;size&quot;:&quot;&quot;},&quot;jet_parallax_layout_speed&quot;:{&quot;unit&quot;:&quot;%&quot;,&quot;size&quot;:50,&quot;sizes&quot;:[]},&quot;jet_parallax_layout_type&quot;:&quot;scroll&quot;,&quot;jet_parallax_layout_direction&quot;:&quot;1&quot;,&quot;jet_parallax_layout_fx_direction&quot;:null,&quot;jet_parallax_layout_z_index&quot;:&quot;&quot;,&quot;jet_parallax_layout_bg_x&quot;:50,&quot;jet_parallax_layout_bg_x_tablet&quot;:&quot;&quot;,&quot;jet_parallax_layout_bg_x_mobile&quot;:&quot;&quot;,&quot;jet_parallax_layout_bg_y&quot;:50,&quot;jet_parallax_layout_bg_y_tablet&quot;:&quot;&quot;,&quot;jet_parallax_layout_bg_y_mobile&quot;:&quot;&quot;,&quot;jet_parallax_layout_bg_size&quot;:&quot;auto&quot;,&quot;jet_parallax_layout_bg_size_tablet&quot;:&quot;&quot;,&quot;jet_parallax_layout_bg_size_mobile&quot;:&quot;&quot;,&quot;jet_parallax_layout_animation_prop&quot;:&quot;transform&quot;,&quot;jet_parallax_layout_on&quot;:[&quot;desktop&quot;,&quot;tablet&quot;]}]}\">\n\t\t\t\t\t\t<div class=\"elementor-container elementor-column-gap-default\">\n\t\t\t\t\t<div class=\"elementor-column elementor-col-50 elementor-top-column elementor-element elementor-element-7c4f3491\" data-id=\"7c4f3491\" data-element_type=\"column\" data-e-type=\"column\">\n\t\t\t<div class=\"elementor-widget-wrap elementor-element-populated\">\n\t\t\t\t\t\t<div class=\"elementor-element elementor-element-3b958627 elementor-widget elementor-widget-image\" data-id=\"3b958627\" data-element_type=\"widget\" data-e-type=\"widget\" data-widget_type=\"image.default\">\n\t\t\t\t<div class=\"elementor-widget-container\">\n\t\t\t\t\t\t\t\t\t\t\t\t\t\t\t<img decoding=\"async\" src=\"https:\/\/hotelmoen.dk\/wp-content\/uploads\/elementor\/thumbs\/Baand-top@2x-1-phhs4jb5q2zcg0f6qszg06jhl8elcg0c5g3ofq9saa.png\" title=\"B\u00e5nd &#8211; top@2x\" alt=\"B\u00e5nd - top@2x\" loading=\"lazy\" \/>\t\t\t\t\t\t\t\t\t\t\t\t\t\t\t<\/div>\n\t\t\t\t<\/div>\n\t\t\t\t<div class=\"elementor-element elementor-element-7a0cbec elementor-widget elementor-widget-text-editor\" data-id=\"7a0cbec\" data-element_type=\"widget\" data-e-type=\"widget\" data-widget_type=\"text-editor.default\">\n\t\t\t\t<div class=\"elementor-widget-container\">\n\t\t\t\t\t\t\t\t\t<h2>I en menneskealder fremtryllede Gylla Birgitte Larsen, i folkemunde bare Gylla, med fast h\u00e5nd og k\u00e6rlighed, den dejligste mad\u2026<\/h2><p>I en menneskealder fremtryllede Gylla Birgitte Larsen, i folkemunde bare Gylla, med fast h\u00e5nd og k\u00e6rlighed, den dejligste mad p\u00e5 det gamle komfur, som blev opvarmet med br\u00e6nde og som stadig pryder k\u00f8kkenet, hvor elektriske maskiner aldrig fik plads.<\/p><p>Den \u00e6ldste del af bygningss\u00e6ttet er fra 1763. Bygningerne har igennem tiderne v\u00e6ret anvendt til forskellige form\u00e5l, en overgang som fattighus.<\/p><p>Det \u00e6ldste tegn p\u00e5 hotel eller rettere v\u00e6rtshus er fra 1781, hvor v\u00e6rtshusmand Peder Olsen erhvervede en del af ejendommen.<br \/>Efter en brand i 1845 blev ejendommen genopbygget i sin nuv\u00e6rende skikkelse og blev herefter anvendt til beboelse, k\u00f8bmandshandel og kr\u00e6mmerbod.<\/p><p>I 1923 blev ejendommen overtaget af Christian Peter Larsen (Gyllas far) som sammen med sin hustru Fanny Elfrida Larsen drev hotellet indtil slutningen af 40erne, hvor han afgik ved d\u00f8den. Hotellet blev herefter f\u00f8rt videre af hans enke sammen med datteren Gylla.<\/p><p>Fanny d\u00f8de i 1979 og herefter drev Gylla hotellet videre alene indtil ganske f\u00e5 \u00e5r f\u00f8r sin d\u00f8d i oktober 2013.<\/p><p>Gylla blev f\u00f8dt i 1925 og blev alts\u00e5 88 \u00e5r gammel.<\/p><p>Nu vil vi i dybeste respekt af de stolte traditioner, som familien Larsen og i s\u00e6rdeleshed Gylla har skabt \u2013 skabe nyt liv i disse pragtfulde og unikke omgivelser.<\/p><p>Navnet er derfor et levn fra gammel tid, som vi \u00f8nsker at bibeholde, men I skal ikke frygte mange andre bes\u00f8gende, larm eller et stresset personale. I dag drives Hotel M\u00f8en som et Bed &amp; Breakfast og restaurant.\u00a0<\/p><p>Kilde: Sommermagasinet.<\/p>\t\t\t\t\t\t\t\t<\/div>\n\t\t\t\t<\/div>\n\t\t\t\t\t<\/div>\n\t\t<\/div>\n\t\t\t\t<div class=\"elementor-column elementor-col-50 elementor-top-column elementor-element elementor-element-bb49762\" data-id=\"bb49762\" data-element_type=\"column\" data-e-type=\"column\">\n\t\t\t<div class=\"elementor-widget-wrap elementor-element-populated\">\n\t\t\t\t\t\t<div class=\"elementor-element elementor-element-765ea095 elementor-widget elementor-widget-image\" data-id=\"765ea095\" data-element_type=\"widget\" data-e-type=\"widget\" data-widget_type=\"image.default\">\n\t\t\t\t<div class=\"elementor-widget-container\">\n\t\t\t\t\t\t\t\t\t\t\t\t\t\t\t<img fetchpriority=\"high\" decoding=\"async\" width=\"1024\" height=\"676\" src=\"https:\/\/hotelmoen.dk\/wp-content\/uploads\/2021\/12\/28-1024x676.jpg\" class=\"attachment-large size-large wp-image-991\" alt=\"\" srcset=\"https:\/\/hotelmoen.dk\/wp-content\/uploads\/2021\/12\/28-1024x676.jpg 1024w, https:\/\/hotelmoen.dk\/wp-content\/uploads\/2021\/12\/28-300x198.jpg 300w, https:\/\/hotelmoen.dk\/wp-content\/uploads\/2021\/12\/28-768x507.jpg 768w, https:\/\/hotelmoen.dk\/wp-content\/uploads\/2021\/12\/28-1536x1014.jpg 1536w, https:\/\/hotelmoen.dk\/wp-content\/uploads\/2021\/12\/28-18x12.jpg 18w, https:\/\/hotelmoen.dk\/wp-content\/uploads\/2021\/12\/28.jpg 1772w\" sizes=\"(max-width: 1024px) 100vw, 1024px\" \/>\t\t\t\t\t\t\t\t\t\t\t\t\t\t\t<\/div>\n\t\t\t\t<\/div>\n\t\t\t\t<div class=\"elementor-element elementor-element-dbe598f elementor-widget elementor-widget-text-editor\" data-id=\"dbe598f\" data-element_type=\"widget\" data-e-type=\"widget\" data-widget_type=\"text-editor.default\">\n\t\t\t\t<div class=\"elementor-widget-container\">\n\t\t\t\t\t\t\t\t\t<h4>I en menneskealder fremtryllede Gylla Birgitte Larsen, i folkemunde bare Gylla, med fast h\u00e5nd og k\u00e6rlighed, den dejligste mad.<\/h4>\t\t\t\t\t\t\t\t<\/div>\n\t\t\t\t<\/div>\n\t\t\t\t<div class=\"elementor-element elementor-element-4b2145c9 cta-frontpage-header elementor-tablet-align-left elementor-widget elementor-widget-button\" data-id=\"4b2145c9\" data-element_type=\"widget\" data-e-type=\"widget\" data-widget_type=\"button.default\">\n\t\t\t\t<div class=\"elementor-widget-container\">\n\t\t\t\t\t\t\t\t\t<div class=\"elementor-button-wrapper\">\n\t\t\t\t\t<a class=\"elementor-button elementor-button-link elementor-size-sm\" href=\"\/menukort\/\">\n\t\t\t\t\t\t<span class=\"elementor-button-content-wrapper\">\n\t\t\t\t\t\t\t\t\t<span class=\"elementor-button-text\">Menukort<\/span>\n\t\t\t\t\t<\/span>\n\t\t\t\t\t<\/a>\n\t\t\t\t<\/div>\n\t\t\t\t\t\t\t\t<\/div>\n\t\t\t\t<\/div>\n\t\t\t\t<div class=\"elementor-element elementor-element-4455834b elementor-widget elementor-widget-image\" data-id=\"4455834b\" data-element_type=\"widget\" data-e-type=\"widget\" data-widget_type=\"image.default\">\n\t\t\t\t<div class=\"elementor-widget-container\">\n\t\t\t\t\t\t\t\t\t\t\t\t\t\t\t\t<a href=\"https:\/\/www.findsmiley.dk\/904405\" target=\"_blank\" rel=\"nofollow\">\n\t\t\t\t\t\t\t<img decoding=\"async\" src=\"https:\/\/hotelmoen.dk\/wp-content\/uploads\/elementor\/thumbs\/Banner_groen_411x490-phg3ki6bgya8d3yu3vj1vobj25s1bprkps7fee4kom.gif\" title=\"Banner_groen_411x490\" alt=\"Banner_groen_411x490\" loading=\"lazy\" \/>\t\t\t\t\t\t\t\t<\/a>\n\t\t\t\t\t\t\t\t\t\t\t\t\t\t\t<\/div>\n\t\t\t\t<\/div>\n\t\t\t\t\t<\/div>\n\t\t<\/div>\n\t\t\t\t\t<\/div>\n\t\t<\/section>\n\t\t\t\t<\/div>\n\t\t","protected":false},"excerpt":{"rendered":"<p>For a lifetime Gylla, Birgitte Larsen, popularly just Gylla, with a firm hand and love, conjured the most wonderful food\u2026 In a lifetime, Gylla Birgitte Larsen, popularly just Gylla, with a firm hand and love, conjured the most wonderful food on the old stove, which was heated with firewood and which still adorns the kitchen, where electric machines\u2026 <a title=\"About Hotel M\u00f8en\" class=\"read-more\" href=\"https:\/\/hotelmoen.dk\/en\/om-hotel-moen\/\" aria-label=\"Read more about About Hotel M\u00f8en\">Read more<\/a><\/p>","protected":false},"author":1,"featured_media":0,"parent":0,"menu_order":0,"comment_status":"closed","ping_status":"closed","template":"","meta":{"footnotes":""},"class_list":["post-14","page","type-page","status-publish"],"yoast_head":"<!-- This site is optimized with the Yoast SEO plugin v27.4 - https:\/\/yoast.com\/product\/yoast-seo-wordpress\/ -->\n<title>Om Hotel M\u00f8en - Hotel M\u00f8n<\/title>\n<meta name=\"robots\" content=\"index, follow, max-snippet:-1, max-image-preview:large, max-video-preview:-1\" \/>\n<link rel=\"canonical\" href=\"https:\/\/hotelmoen.dk\/en\/om-hotel-moen\/\" \/>\n<meta property=\"og:locale\" content=\"en_GB\" \/>\n<meta property=\"og:type\" content=\"article\" \/>\n<meta property=\"og:title\" content=\"Om Hotel M\u00f8en - Hotel M\u00f8n\" \/>\n<meta property=\"og:description\" content=\"I en menneskealder fremtryllede Gylla Birgitte Larsen, i folkemunde bare Gylla, med fast h\u00e5nd og k\u00e6rlighed, den dejligste mad\u2026 I en menneskealder fremtryllede Gylla Birgitte Larsen, i folkemunde bare Gylla, med fast h\u00e5nd og k\u00e6rlighed, den dejligste mad p\u00e5 det gamle komfur, som blev opvarmet med br\u00e6nde og som stadig pryder k\u00f8kkenet, hvor elektriske maskiner ... Read more\" \/>\n<meta property=\"og:url\" content=\"https:\/\/hotelmoen.dk\/en\/om-hotel-moen\/\" \/>\n<meta property=\"og:site_name\" content=\"Hotel M\u00f8n\" \/>\n<meta property=\"article:publisher\" content=\"https:\/\/www.facebook.com\/HotelMoen\/?locale=da_DK\" \/>\n<meta property=\"article:modified_time\" content=\"2021-12-13T17:14:54+00:00\" \/>\n<meta property=\"og:image\" content=\"https:\/\/hotelmoen.dk\/wp-content\/uploads\/elementor\/thumbs\/Baand-top@2x-1-pbskh3cf5s128ljiqlnjbm0h9exmooc107xfwr24cc.png\" \/>\n<meta name=\"twitter:card\" content=\"summary_large_image\" \/>\n<meta name=\"twitter:label1\" content=\"Estimated reading time\" \/>\n\t<meta name=\"twitter:data1\" content=\"2 minutes\" \/>\n<script type=\"application\/ld+json\" class=\"yoast-schema-graph\">{\"@context\":\"https:\\\/\\\/schema.org\",\"@graph\":[{\"@type\":\"WebPage\",\"@id\":\"https:\\\/\\\/hotelmoen.dk\\\/om-hotel-moen\\\/\",\"url\":\"https:\\\/\\\/hotelmoen.dk\\\/om-hotel-moen\\\/\",\"name\":\"Om Hotel M\u00f8en - Hotel M\u00f8n\",\"isPartOf\":{\"@id\":\"https:\\\/\\\/hotelmoen.dk\\\/#website\"},\"primaryImageOfPage\":{\"@id\":\"https:\\\/\\\/hotelmoen.dk\\\/om-hotel-moen\\\/#primaryimage\"},\"image\":{\"@id\":\"https:\\\/\\\/hotelmoen.dk\\\/om-hotel-moen\\\/#primaryimage\"},\"thumbnailUrl\":\"https:\\\/\\\/hotelmoen.dk\\\/wp-content\\\/uploads\\\/elementor\\\/thumbs\\\/Baand-top@2x-1-pbskh3cf5s128ljiqlnjbm0h9exmooc107xfwr24cc.png\",\"datePublished\":\"2021-08-11T11:47:19+00:00\",\"dateModified\":\"2021-12-13T17:14:54+00:00\",\"breadcrumb\":{\"@id\":\"https:\\\/\\\/hotelmoen.dk\\\/om-hotel-moen\\\/#breadcrumb\"},\"inLanguage\":\"en-GB\",\"potentialAction\":[{\"@type\":\"ReadAction\",\"target\":[\"https:\\\/\\\/hotelmoen.dk\\\/om-hotel-moen\\\/\"]}]},{\"@type\":\"ImageObject\",\"inLanguage\":\"en-GB\",\"@id\":\"https:\\\/\\\/hotelmoen.dk\\\/om-hotel-moen\\\/#primaryimage\",\"url\":\"https:\\\/\\\/hotelmoen.dk\\\/wp-content\\\/uploads\\\/elementor\\\/thumbs\\\/Baand-top@2x-1-pbskh3cf5s128ljiqlnjbm0h9exmooc107xfwr24cc.png\",\"contentUrl\":\"https:\\\/\\\/hotelmoen.dk\\\/wp-content\\\/uploads\\\/elementor\\\/thumbs\\\/Baand-top@2x-1-pbskh3cf5s128ljiqlnjbm0h9exmooc107xfwr24cc.png\"},{\"@type\":\"BreadcrumbList\",\"@id\":\"https:\\\/\\\/hotelmoen.dk\\\/om-hotel-moen\\\/#breadcrumb\",\"itemListElement\":[{\"@type\":\"ListItem\",\"position\":1,\"name\":\"Hjem\",\"item\":\"https:\\\/\\\/hotelmoen.dk\\\/\"},{\"@type\":\"ListItem\",\"position\":2,\"name\":\"Om Hotel M\u00f8en\"}]},{\"@type\":\"WebSite\",\"@id\":\"https:\\\/\\\/hotelmoen.dk\\\/#website\",\"url\":\"https:\\\/\\\/hotelmoen.dk\\\/\",\"name\":\"Hotel M\u00f8n\",\"description\":\"\",\"publisher\":{\"@id\":\"https:\\\/\\\/hotelmoen.dk\\\/#organization\"},\"potentialAction\":[{\"@type\":\"SearchAction\",\"target\":{\"@type\":\"EntryPoint\",\"urlTemplate\":\"https:\\\/\\\/hotelmoen.dk\\\/?s={search_term_string}\"},\"query-input\":{\"@type\":\"PropertyValueSpecification\",\"valueRequired\":true,\"valueName\":\"search_term_string\"}}],\"inLanguage\":\"en-GB\"},{\"@type\":\"Organization\",\"@id\":\"https:\\\/\\\/hotelmoen.dk\\\/#organization\",\"name\":\"Hotel M\u00f8n\",\"url\":\"https:\\\/\\\/hotelmoen.dk\\\/\",\"logo\":{\"@type\":\"ImageObject\",\"inLanguage\":\"en-GB\",\"@id\":\"https:\\\/\\\/hotelmoen.dk\\\/#\\\/schema\\\/logo\\\/image\\\/\",\"url\":\"https:\\\/\\\/hotelmoen.dk\\\/wp-content\\\/uploads\\\/2021\\\/08\\\/Group-39@2x.png\",\"contentUrl\":\"https:\\\/\\\/hotelmoen.dk\\\/wp-content\\\/uploads\\\/2021\\\/08\\\/Group-39@2x.png\",\"width\":2313,\"height\":735,\"caption\":\"Hotel M\u00f8n\"},\"image\":{\"@id\":\"https:\\\/\\\/hotelmoen.dk\\\/#\\\/schema\\\/logo\\\/image\\\/\"},\"sameAs\":[\"https:\\\/\\\/www.facebook.com\\\/HotelMoen\\\/?locale=da_DK\"]}]}<\/script>\n<!-- \/ Yoast SEO plugin. -->","yoast_head_json":{"title":"About Hotel M\u00f8en - Hotel M\u00f8n","robots":{"index":"index","follow":"follow","max-snippet":"max-snippet:-1","max-image-preview":"max-image-preview:large","max-video-preview":"max-video-preview:-1"},"canonical":"https:\/\/hotelmoen.dk\/en\/om-hotel-moen\/","og_locale":"en_GB","og_type":"article","og_title":"Om Hotel M\u00f8en - Hotel M\u00f8n","og_description":"I en menneskealder fremtryllede Gylla Birgitte Larsen, i folkemunde bare Gylla, med fast h\u00e5nd og k\u00e6rlighed, den dejligste mad\u2026 I en menneskealder fremtryllede Gylla Birgitte Larsen, i folkemunde bare Gylla, med fast h\u00e5nd og k\u00e6rlighed, den dejligste mad p\u00e5 det gamle komfur, som blev opvarmet med br\u00e6nde og som stadig pryder k\u00f8kkenet, hvor elektriske maskiner ... Read more","og_url":"https:\/\/hotelmoen.dk\/en\/om-hotel-moen\/","og_site_name":"Hotel M\u00f8n","article_publisher":"https:\/\/www.facebook.com\/HotelMoen\/?locale=da_DK","article_modified_time":"2021-12-13T17:14:54+00:00","og_image":[{"url":"https:\/\/hotelmoen.dk\/wp-content\/uploads\/elementor\/thumbs\/Baand-top@2x-1-pbskh3cf5s128ljiqlnjbm0h9exmooc107xfwr24cc.png","type":"","width":"","height":""}],"twitter_card":"summary_large_image","twitter_misc":{"Estimated reading time":"2 minutes"},"schema":{"@context":"https:\/\/schema.org","@graph":[{"@type":"WebPage","@id":"https:\/\/hotelmoen.dk\/om-hotel-moen\/","url":"https:\/\/hotelmoen.dk\/om-hotel-moen\/","name":"About Hotel M\u00f8en - Hotel M\u00f8n","isPartOf":{"@id":"https:\/\/hotelmoen.dk\/#website"},"primaryImageOfPage":{"@id":"https:\/\/hotelmoen.dk\/om-hotel-moen\/#primaryimage"},"image":{"@id":"https:\/\/hotelmoen.dk\/om-hotel-moen\/#primaryimage"},"thumbnailUrl":"https:\/\/hotelmoen.dk\/wp-content\/uploads\/elementor\/thumbs\/Baand-top@2x-1-pbskh3cf5s128ljiqlnjbm0h9exmooc107xfwr24cc.png","datePublished":"2021-08-11T11:47:19+00:00","dateModified":"2021-12-13T17:14:54+00:00","breadcrumb":{"@id":"https:\/\/hotelmoen.dk\/om-hotel-moen\/#breadcrumb"},"inLanguage":"en-GB","potentialAction":[{"@type":"ReadAction","target":["https:\/\/hotelmoen.dk\/om-hotel-moen\/"]}]},{"@type":"ImageObject","inLanguage":"en-GB","@id":"https:\/\/hotelmoen.dk\/om-hotel-moen\/#primaryimage","url":"https:\/\/hotelmoen.dk\/wp-content\/uploads\/elementor\/thumbs\/Baand-top@2x-1-pbskh3cf5s128ljiqlnjbm0h9exmooc107xfwr24cc.png","contentUrl":"https:\/\/hotelmoen.dk\/wp-content\/uploads\/elementor\/thumbs\/Baand-top@2x-1-pbskh3cf5s128ljiqlnjbm0h9exmooc107xfwr24cc.png"},{"@type":"BreadcrumbList","@id":"https:\/\/hotelmoen.dk\/om-hotel-moen\/#breadcrumb","itemListElement":[{"@type":"ListItem","position":1,"name":"Hjem","item":"https:\/\/hotelmoen.dk\/"},{"@type":"ListItem","position":2,"name":"Om Hotel M\u00f8en"}]},{"@type":"WebSite","@id":"https:\/\/hotelmoen.dk\/#website","url":"https:\/\/hotelmoen.dk\/","name":"Hotel M\u00f8n","description":"","publisher":{"@id":"https:\/\/hotelmoen.dk\/#organization"},"potentialAction":[{"@type":"SearchAction","target":{"@type":"EntryPoint","urlTemplate":"https:\/\/hotelmoen.dk\/?s={search_term_string}"},"query-input":{"@type":"PropertyValueSpecification","valueRequired":true,"valueName":"search_term_string"}}],"inLanguage":"en-GB"},{"@type":"Organization","@id":"https:\/\/hotelmoen.dk\/#organization","name":"Hotel M\u00f8n","url":"https:\/\/hotelmoen.dk\/","logo":{"@type":"ImageObject","inLanguage":"en-GB","@id":"https:\/\/hotelmoen.dk\/#\/schema\/logo\/image\/","url":"https:\/\/hotelmoen.dk\/wp-content\/uploads\/2021\/08\/Group-39@2x.png","contentUrl":"https:\/\/hotelmoen.dk\/wp-content\/uploads\/2021\/08\/Group-39@2x.png","width":2313,"height":735,"caption":"Hotel M\u00f8n"},"image":{"@id":"https:\/\/hotelmoen.dk\/#\/schema\/logo\/image\/"},"sameAs":["https:\/\/www.facebook.com\/HotelMoen\/?locale=da_DK"]}]}},"_links":{"self":[{"href":"https:\/\/hotelmoen.dk\/en\/wp-json\/wp\/v2\/pages\/14","targetHints":{"allow":["GET"]}}],"collection":[{"href":"https:\/\/hotelmoen.dk\/en\/wp-json\/wp\/v2\/pages"}],"about":[{"href":"https:\/\/hotelmoen.dk\/en\/wp-json\/wp\/v2\/types\/page"}],"author":[{"embeddable":true,"href":"https:\/\/hotelmoen.dk\/en\/wp-json\/wp\/v2\/users\/1"}],"replies":[{"embeddable":true,"href":"https:\/\/hotelmoen.dk\/en\/wp-json\/wp\/v2\/comments?post=14"}],"version-history":[{"count":35,"href":"https:\/\/hotelmoen.dk\/en\/wp-json\/wp\/v2\/pages\/14\/revisions"}],"predecessor-version":[{"id":1139,"href":"https:\/\/hotelmoen.dk\/en\/wp-json\/wp\/v2\/pages\/14\/revisions\/1139"}],"wp:attachment":[{"href":"https:\/\/hotelmoen.dk\/en\/wp-json\/wp\/v2\/media?parent=14"}],"curies":[{"name":"wp","href":"https:\/\/api.w.org\/{rel}","templated":true}]}}