{"id":158,"date":"2021-08-17T09:20:44","date_gmt":"2021-08-17T09:20:44","guid":{"rendered":"http:\/\/46.4.84.82\/~hotelmoen\/?page_id=158"},"modified":"2021-12-13T15:26:11","modified_gmt":"2021-12-13T15:26:11","slug":"silderuten","status":"publish","type":"page","link":"https:\/\/hotelmoen.dk\/en\/silderuten\/","title":{"rendered":"Herringbone route"},"content":{"rendered":"\t\t<div data-elementor-type=\"wp-page\" data-elementor-id=\"158\" class=\"elementor elementor-158\" data-elementor-post-type=\"page\">\n\t\t\t\t\t\t<section class=\"elementor-section elementor-top-section elementor-element elementor-element-5296f199 elementor-section-full_width elementor-section-height-default elementor-section-height-default\" data-id=\"5296f199\" data-element_type=\"section\" data-e-type=\"section\" data-settings=\"{&quot;jet_parallax_layout_list&quot;:[{&quot;jet_parallax_layout_image&quot;:{&quot;url&quot;:&quot;&quot;,&quot;id&quot;:&quot;&quot;,&quot;size&quot;:&quot;&quot;},&quot;_id&quot;:&quot;03e32da&quot;,&quot;jet_parallax_layout_image_tablet&quot;:{&quot;url&quot;:&quot;&quot;,&quot;id&quot;:&quot;&quot;,&quot;size&quot;:&quot;&quot;},&quot;jet_parallax_layout_image_mobile&quot;:{&quot;url&quot;:&quot;&quot;,&quot;id&quot;:&quot;&quot;,&quot;size&quot;:&quot;&quot;},&quot;jet_parallax_layout_speed&quot;:{&quot;unit&quot;:&quot;%&quot;,&quot;size&quot;:50,&quot;sizes&quot;:[]},&quot;jet_parallax_layout_type&quot;:&quot;scroll&quot;,&quot;jet_parallax_layout_direction&quot;:&quot;1&quot;,&quot;jet_parallax_layout_fx_direction&quot;:null,&quot;jet_parallax_layout_z_index&quot;:&quot;&quot;,&quot;jet_parallax_layout_bg_x&quot;:50,&quot;jet_parallax_layout_bg_x_tablet&quot;:&quot;&quot;,&quot;jet_parallax_layout_bg_x_mobile&quot;:&quot;&quot;,&quot;jet_parallax_layout_bg_y&quot;:50,&quot;jet_parallax_layout_bg_y_tablet&quot;:&quot;&quot;,&quot;jet_parallax_layout_bg_y_mobile&quot;:&quot;&quot;,&quot;jet_parallax_layout_bg_size&quot;:&quot;auto&quot;,&quot;jet_parallax_layout_bg_size_tablet&quot;:&quot;&quot;,&quot;jet_parallax_layout_bg_size_mobile&quot;:&quot;&quot;,&quot;jet_parallax_layout_animation_prop&quot;:&quot;transform&quot;,&quot;jet_parallax_layout_on&quot;:[&quot;desktop&quot;,&quot;tablet&quot;]}]}\">\n\t\t\t\t\t\t<div class=\"elementor-container elementor-column-gap-default\">\n\t\t\t\t\t<div class=\"elementor-column elementor-col-50 elementor-top-column elementor-element elementor-element-64db0d70\" data-id=\"64db0d70\" data-element_type=\"column\" data-e-type=\"column\">\n\t\t\t<div class=\"elementor-widget-wrap elementor-element-populated\">\n\t\t\t\t\t\t<div class=\"elementor-element elementor-element-71e0bd12 elementor-widget elementor-widget-image\" data-id=\"71e0bd12\" data-element_type=\"widget\" data-e-type=\"widget\" data-widget_type=\"image.default\">\n\t\t\t\t<div class=\"elementor-widget-container\">\n\t\t\t\t\t\t\t\t\t\t\t\t\t\t\t<img decoding=\"async\" src=\"https:\/\/hotelmoen.dk\/wp-content\/uploads\/elementor\/thumbs\/Baand-top@2x-1-phhs4jb5q2zcg0f6qszg06jhl8elcg0c5g3ofq9saa.png\" title=\"B\u00e5nd &#8211; top@2x\" alt=\"B\u00e5nd - top@2x\" loading=\"lazy\" \/>\t\t\t\t\t\t\t\t\t\t\t\t\t\t\t<\/div>\n\t\t\t\t<\/div>\n\t\t\t\t<div class=\"elementor-element elementor-element-7d032d7e elementor-widget elementor-widget-text-editor\" data-id=\"7d032d7e\" data-element_type=\"widget\" data-e-type=\"widget\" data-widget_type=\"text-editor.default\">\n\t\t\t\t<div class=\"elementor-widget-container\">\n\t\t\t\t\t\t\t\t\t<h2>Byvandring i Stege: Den lokale historie naturligvis skal ledes af sildene<\/h2><p>Silderuten er den landskendte byvandring, som f\u00f8rer dig igennem den gamle danske k\u00f8bsstad Stege p\u00e5 M\u00f8n. Ruten kaldes Silderuten fordi sildefiskeriet udm\u00e6rkede sig ekstraordin\u00e6rt i Steges storhedstid, som var i \u00e5rerne 1430 \u2013 1530.<\/p><p>Sildefiskeriets, som foregik i de m\u00f8nske farvande, resulterede i at M\u00f8ns boder p\u00e5 fiskermarkedet i Falsterbo og Skan\u00f8r til sidst udgjorde hele 33,3% af Danmarks sildeboder.<\/p><p>Derfor vil I ogs\u00e5 opleve at M\u00f8ns \u00e6ldste segl b\u00e6rer billedet af en sild, men at dette med tiden er udvidet til tre sild, som i dag udg\u00f8r M\u00f8ns herredsm\u00e6rke. Det er derfor naturligt for m\u00f8nboerne, at den lokale historie naturligvis skal ledes af sildene.<\/p><p>Ruten best\u00e5r af hele 30 sildem\u00e6rker og Lendemarke, og den guider dig igennem Steges smukke gader, som er idyllisk malet med bindingsv\u00e6rkshuse, fantastisk natur og intet mindre end Hotel M\u00f8en.<\/p><p>Tr\u00e6der I derfor ud af d\u00f8rene hos Hotel M\u00f8en efter en rolig nattes\u00f8vn og en fantastisk morgenmad, s\u00e5 er I allerede med p\u00e5 silderuten. Vi guide jer dog gerne tilbage til start, s\u00e5 I f\u00e5r hele oplevelsen af Stege, M\u00f8n og M\u00f8nboerne.<\/p>\t\t\t\t\t\t\t\t<\/div>\n\t\t\t\t<\/div>\n\t\t\t\t\t<\/div>\n\t\t<\/div>\n\t\t\t\t<div class=\"elementor-column elementor-col-50 elementor-top-column elementor-element elementor-element-a0cc7c9\" data-id=\"a0cc7c9\" data-element_type=\"column\" data-e-type=\"column\">\n\t\t\t<div class=\"elementor-widget-wrap elementor-element-populated\">\n\t\t\t\t\t\t<div class=\"elementor-element elementor-element-496678b0 elementor-widget elementor-widget-image\" data-id=\"496678b0\" data-element_type=\"widget\" data-e-type=\"widget\" data-widget_type=\"image.default\">\n\t\t\t\t<div class=\"elementor-widget-container\">\n\t\t\t\t\t\t\t\t\t\t\t\t\t\t\t<img fetchpriority=\"high\" decoding=\"async\" width=\"1024\" height=\"792\" src=\"https:\/\/hotelmoen.dk\/wp-content\/uploads\/2021\/08\/iStock-1168526073-scaled-e1629703020165-1024x792.jpg\" class=\"attachment-large size-large wp-image-529\" alt=\"\" srcset=\"https:\/\/hotelmoen.dk\/wp-content\/uploads\/2021\/08\/iStock-1168526073-scaled-e1629703020165-1024x792.jpg 1024w, https:\/\/hotelmoen.dk\/wp-content\/uploads\/2021\/08\/iStock-1168526073-scaled-e1629703020165-300x232.jpg 300w, https:\/\/hotelmoen.dk\/wp-content\/uploads\/2021\/08\/iStock-1168526073-scaled-e1629703020165-768x594.jpg 768w, https:\/\/hotelmoen.dk\/wp-content\/uploads\/2021\/08\/iStock-1168526073-scaled-e1629703020165-1536x1188.jpg 1536w, https:\/\/hotelmoen.dk\/wp-content\/uploads\/2021\/08\/iStock-1168526073-scaled-e1629703020165-2048x1584.jpg 2048w, https:\/\/hotelmoen.dk\/wp-content\/uploads\/2021\/08\/iStock-1168526073-scaled-e1629703020165-16x12.jpg 16w\" sizes=\"(max-width: 1024px) 100vw, 1024px\" \/>\t\t\t\t\t\t\t\t\t\t\t\t\t\t\t<\/div>\n\t\t\t\t<\/div>\n\t\t\t\t<div class=\"elementor-element elementor-element-435770aa elementor-widget elementor-widget-text-editor\" data-id=\"435770aa\" data-element_type=\"widget\" data-e-type=\"widget\" data-widget_type=\"text-editor.default\">\n\t\t\t\t<div class=\"elementor-widget-container\">\n\t\t\t\t\t\t\t\t\t<h4>Silderuten leder forbi Hotel M\u00f8en, som naturligvis kan servere mad og drikkelse inden turen atter fors\u00e6ttes.\u00a0<\/h4>\t\t\t\t\t\t\t\t<\/div>\n\t\t\t\t<\/div>\n\t\t\t\t<div class=\"elementor-element elementor-element-70fa3091 cta-frontpage-header elementor-tablet-align-left elementor-widget elementor-widget-button\" data-id=\"70fa3091\" data-element_type=\"widget\" data-e-type=\"widget\" data-widget_type=\"button.default\">\n\t\t\t\t<div class=\"elementor-widget-container\">\n\t\t\t\t\t\t\t\t\t<div class=\"elementor-button-wrapper\">\n\t\t\t\t\t<a class=\"elementor-button elementor-button-link elementor-size-sm\" href=\"\/menukort\/\">\n\t\t\t\t\t\t<span class=\"elementor-button-content-wrapper\">\n\t\t\t\t\t\t\t\t\t<span class=\"elementor-button-text\">Menukort<\/span>\n\t\t\t\t\t<\/span>\n\t\t\t\t\t<\/a>\n\t\t\t\t<\/div>\n\t\t\t\t\t\t\t\t<\/div>\n\t\t\t\t<\/div>\n\t\t\t\t<div class=\"elementor-element elementor-element-3c6116a9 elementor-widget elementor-widget-image\" data-id=\"3c6116a9\" data-element_type=\"widget\" data-e-type=\"widget\" data-widget_type=\"image.default\">\n\t\t\t\t<div class=\"elementor-widget-container\">\n\t\t\t\t\t\t\t\t\t\t\t\t\t\t\t\t<a href=\"https:\/\/www.findsmiley.dk\/904405\" target=\"_blank\" rel=\"nofollow\">\n\t\t\t\t\t\t\t<img decoding=\"async\" src=\"https:\/\/hotelmoen.dk\/wp-content\/uploads\/elementor\/thumbs\/Banner_groen_411x490-phg3ki6bgya8d3yu3vj1vobj25s1bprkps7fee4kom.gif\" title=\"Banner_groen_411x490\" alt=\"Banner_groen_411x490\" loading=\"lazy\" \/>\t\t\t\t\t\t\t\t<\/a>\n\t\t\t\t\t\t\t\t\t\t\t\t\t\t\t<\/div>\n\t\t\t\t<\/div>\n\t\t\t\t\t<\/div>\n\t\t<\/div>\n\t\t\t\t\t<\/div>\n\t\t<\/section>\n\t\t\t\t<\/div>\n\t\t","protected":false},"excerpt":{"rendered":"<p>City walk in Stege: The local history must of course be led by the herring The herring route is the nationally known city walk, which takes you through the old Danish market town of Stege on M\u00f8n. The route is called the Herring Route because the herring fishery excelled extraordinarily in Stege&#039;s heyday, which was in the years 1430 - 1530. The herring fishery, which took place in the M\u00f8n waters, resulted in\u2026 <a title=\"Herringbone route\" class=\"read-more\" href=\"https:\/\/hotelmoen.dk\/en\/silderuten\/\" aria-label=\"Read more about the Herring Route\">Read more<\/a><\/p>","protected":false},"author":1,"featured_media":0,"parent":0,"menu_order":0,"comment_status":"closed","ping_status":"closed","template":"","meta":{"footnotes":""},"class_list":["post-158","page","type-page","status-publish"],"yoast_head":"<!-- This site is optimized with the Yoast SEO plugin v27.4 - https:\/\/yoast.com\/product\/yoast-seo-wordpress\/ -->\n<title>Silderuten - Hotel M\u00f8n<\/title>\n<meta name=\"robots\" content=\"index, follow, max-snippet:-1, max-image-preview:large, max-video-preview:-1\" \/>\n<link rel=\"canonical\" href=\"https:\/\/hotelmoen.dk\/en\/silderuten\/\" \/>\n<meta property=\"og:locale\" content=\"en_GB\" \/>\n<meta property=\"og:type\" content=\"article\" \/>\n<meta property=\"og:title\" content=\"Silderuten - Hotel M\u00f8n\" \/>\n<meta property=\"og:description\" content=\"Byvandring i Stege: Den lokale historie naturligvis skal ledes af sildene Silderuten er den landskendte byvandring, som f\u00f8rer dig igennem den gamle danske k\u00f8bsstad Stege p\u00e5 M\u00f8n. Ruten kaldes Silderuten fordi sildefiskeriet udm\u00e6rkede sig ekstraordin\u00e6rt i Steges storhedstid, som var i \u00e5rerne 1430 \u2013 1530. Sildefiskeriets, som foregik i de m\u00f8nske farvande, resulterede i at ... Read more\" \/>\n<meta property=\"og:url\" content=\"https:\/\/hotelmoen.dk\/en\/silderuten\/\" \/>\n<meta property=\"og:site_name\" content=\"Hotel M\u00f8n\" \/>\n<meta property=\"article:publisher\" content=\"https:\/\/www.facebook.com\/HotelMoen\/?locale=da_DK\" \/>\n<meta property=\"article:modified_time\" content=\"2021-12-13T15:26:11+00:00\" \/>\n<meta property=\"og:image\" content=\"http:\/\/46.4.84.82\/~hotelmoen\/wp-content\/uploads\/elementor\/thumbs\/Baand-top@2x-1-pbskh3cf5s128ljiqlnjbm0h9exmooc107xfwr24cc.png\" \/>\n<meta name=\"twitter:card\" content=\"summary_large_image\" \/>\n<meta name=\"twitter:label1\" content=\"Estimated reading time\" \/>\n\t<meta name=\"twitter:data1\" content=\"2 minutes\" \/>\n<script type=\"application\/ld+json\" class=\"yoast-schema-graph\">{\"@context\":\"https:\\\/\\\/schema.org\",\"@graph\":[{\"@type\":\"WebPage\",\"@id\":\"https:\\\/\\\/hotelmoen.dk\\\/silderuten\\\/\",\"url\":\"https:\\\/\\\/hotelmoen.dk\\\/silderuten\\\/\",\"name\":\"Silderuten - Hotel M\u00f8n\",\"isPartOf\":{\"@id\":\"https:\\\/\\\/hotelmoen.dk\\\/#website\"},\"primaryImageOfPage\":{\"@id\":\"https:\\\/\\\/hotelmoen.dk\\\/silderuten\\\/#primaryimage\"},\"image\":{\"@id\":\"https:\\\/\\\/hotelmoen.dk\\\/silderuten\\\/#primaryimage\"},\"thumbnailUrl\":\"http:\\\/\\\/46.4.84.82\\\/~hotelmoen\\\/wp-content\\\/uploads\\\/elementor\\\/thumbs\\\/Baand-top@2x-1-pbskh3cf5s128ljiqlnjbm0h9exmooc107xfwr24cc.png\",\"datePublished\":\"2021-08-17T09:20:44+00:00\",\"dateModified\":\"2021-12-13T15:26:11+00:00\",\"breadcrumb\":{\"@id\":\"https:\\\/\\\/hotelmoen.dk\\\/silderuten\\\/#breadcrumb\"},\"inLanguage\":\"en-GB\",\"potentialAction\":[{\"@type\":\"ReadAction\",\"target\":[\"https:\\\/\\\/hotelmoen.dk\\\/silderuten\\\/\"]}]},{\"@type\":\"ImageObject\",\"inLanguage\":\"en-GB\",\"@id\":\"https:\\\/\\\/hotelmoen.dk\\\/silderuten\\\/#primaryimage\",\"url\":\"http:\\\/\\\/46.4.84.82\\\/~hotelmoen\\\/wp-content\\\/uploads\\\/elementor\\\/thumbs\\\/Baand-top@2x-1-pbskh3cf5s128ljiqlnjbm0h9exmooc107xfwr24cc.png\",\"contentUrl\":\"http:\\\/\\\/46.4.84.82\\\/~hotelmoen\\\/wp-content\\\/uploads\\\/elementor\\\/thumbs\\\/Baand-top@2x-1-pbskh3cf5s128ljiqlnjbm0h9exmooc107xfwr24cc.png\"},{\"@type\":\"BreadcrumbList\",\"@id\":\"https:\\\/\\\/hotelmoen.dk\\\/silderuten\\\/#breadcrumb\",\"itemListElement\":[{\"@type\":\"ListItem\",\"position\":1,\"name\":\"Hjem\",\"item\":\"https:\\\/\\\/hotelmoen.dk\\\/\"},{\"@type\":\"ListItem\",\"position\":2,\"name\":\"Silderuten\"}]},{\"@type\":\"WebSite\",\"@id\":\"https:\\\/\\\/hotelmoen.dk\\\/#website\",\"url\":\"https:\\\/\\\/hotelmoen.dk\\\/\",\"name\":\"Hotel M\u00f8n\",\"description\":\"\",\"publisher\":{\"@id\":\"https:\\\/\\\/hotelmoen.dk\\\/#organization\"},\"potentialAction\":[{\"@type\":\"SearchAction\",\"target\":{\"@type\":\"EntryPoint\",\"urlTemplate\":\"https:\\\/\\\/hotelmoen.dk\\\/?s={search_term_string}\"},\"query-input\":{\"@type\":\"PropertyValueSpecification\",\"valueRequired\":true,\"valueName\":\"search_term_string\"}}],\"inLanguage\":\"en-GB\"},{\"@type\":\"Organization\",\"@id\":\"https:\\\/\\\/hotelmoen.dk\\\/#organization\",\"name\":\"Hotel M\u00f8n\",\"url\":\"https:\\\/\\\/hotelmoen.dk\\\/\",\"logo\":{\"@type\":\"ImageObject\",\"inLanguage\":\"en-GB\",\"@id\":\"https:\\\/\\\/hotelmoen.dk\\\/#\\\/schema\\\/logo\\\/image\\\/\",\"url\":\"https:\\\/\\\/hotelmoen.dk\\\/wp-content\\\/uploads\\\/2021\\\/08\\\/Group-39@2x.png\",\"contentUrl\":\"https:\\\/\\\/hotelmoen.dk\\\/wp-content\\\/uploads\\\/2021\\\/08\\\/Group-39@2x.png\",\"width\":2313,\"height\":735,\"caption\":\"Hotel M\u00f8n\"},\"image\":{\"@id\":\"https:\\\/\\\/hotelmoen.dk\\\/#\\\/schema\\\/logo\\\/image\\\/\"},\"sameAs\":[\"https:\\\/\\\/www.facebook.com\\\/HotelMoen\\\/?locale=da_DK\"]}]}<\/script>\n<!-- \/ Yoast SEO plugin. -->","yoast_head_json":{"title":"Silderuten - Hotel M\u00f8n","robots":{"index":"index","follow":"follow","max-snippet":"max-snippet:-1","max-image-preview":"max-image-preview:large","max-video-preview":"max-video-preview:-1"},"canonical":"https:\/\/hotelmoen.dk\/en\/silderuten\/","og_locale":"en_GB","og_type":"article","og_title":"Silderuten - Hotel M\u00f8n","og_description":"Byvandring i Stege: Den lokale historie naturligvis skal ledes af sildene Silderuten er den landskendte byvandring, som f\u00f8rer dig igennem den gamle danske k\u00f8bsstad Stege p\u00e5 M\u00f8n. Ruten kaldes Silderuten fordi sildefiskeriet udm\u00e6rkede sig ekstraordin\u00e6rt i Steges storhedstid, som var i \u00e5rerne 1430 \u2013 1530. Sildefiskeriets, som foregik i de m\u00f8nske farvande, resulterede i at ... Read more","og_url":"https:\/\/hotelmoen.dk\/en\/silderuten\/","og_site_name":"Hotel M\u00f8n","article_publisher":"https:\/\/www.facebook.com\/HotelMoen\/?locale=da_DK","article_modified_time":"2021-12-13T15:26:11+00:00","og_image":[{"url":"http:\/\/46.4.84.82\/~hotelmoen\/wp-content\/uploads\/elementor\/thumbs\/Baand-top@2x-1-pbskh3cf5s128ljiqlnjbm0h9exmooc107xfwr24cc.png","type":"","width":"","height":""}],"twitter_card":"summary_large_image","twitter_misc":{"Estimated reading time":"2 minutes"},"schema":{"@context":"https:\/\/schema.org","@graph":[{"@type":"WebPage","@id":"https:\/\/hotelmoen.dk\/silderuten\/","url":"https:\/\/hotelmoen.dk\/silderuten\/","name":"Silderuten - Hotel M\u00f8n","isPartOf":{"@id":"https:\/\/hotelmoen.dk\/#website"},"primaryImageOfPage":{"@id":"https:\/\/hotelmoen.dk\/silderuten\/#primaryimage"},"image":{"@id":"https:\/\/hotelmoen.dk\/silderuten\/#primaryimage"},"thumbnailUrl":"http:\/\/46.4.84.82\/~hotelmoen\/wp-content\/uploads\/elementor\/thumbs\/Baand-top@2x-1-pbskh3cf5s128ljiqlnjbm0h9exmooc107xfwr24cc.png","datePublished":"2021-08-17T09:20:44+00:00","dateModified":"2021-12-13T15:26:11+00:00","breadcrumb":{"@id":"https:\/\/hotelmoen.dk\/silderuten\/#breadcrumb"},"inLanguage":"en-GB","potentialAction":[{"@type":"ReadAction","target":["https:\/\/hotelmoen.dk\/silderuten\/"]}]},{"@type":"ImageObject","inLanguage":"en-GB","@id":"https:\/\/hotelmoen.dk\/silderuten\/#primaryimage","url":"http:\/\/46.4.84.82\/~hotelmoen\/wp-content\/uploads\/elementor\/thumbs\/Baand-top@2x-1-pbskh3cf5s128ljiqlnjbm0h9exmooc107xfwr24cc.png","contentUrl":"http:\/\/46.4.84.82\/~hotelmoen\/wp-content\/uploads\/elementor\/thumbs\/Baand-top@2x-1-pbskh3cf5s128ljiqlnjbm0h9exmooc107xfwr24cc.png"},{"@type":"BreadcrumbList","@id":"https:\/\/hotelmoen.dk\/silderuten\/#breadcrumb","itemListElement":[{"@type":"ListItem","position":1,"name":"Hjem","item":"https:\/\/hotelmoen.dk\/"},{"@type":"ListItem","position":2,"name":"Silderuten"}]},{"@type":"WebSite","@id":"https:\/\/hotelmoen.dk\/#website","url":"https:\/\/hotelmoen.dk\/","name":"Hotel M\u00f8n","description":"","publisher":{"@id":"https:\/\/hotelmoen.dk\/#organization"},"potentialAction":[{"@type":"SearchAction","target":{"@type":"EntryPoint","urlTemplate":"https:\/\/hotelmoen.dk\/?s={search_term_string}"},"query-input":{"@type":"PropertyValueSpecification","valueRequired":true,"valueName":"search_term_string"}}],"inLanguage":"en-GB"},{"@type":"Organization","@id":"https:\/\/hotelmoen.dk\/#organization","name":"Hotel M\u00f8n","url":"https:\/\/hotelmoen.dk\/","logo":{"@type":"ImageObject","inLanguage":"en-GB","@id":"https:\/\/hotelmoen.dk\/#\/schema\/logo\/image\/","url":"https:\/\/hotelmoen.dk\/wp-content\/uploads\/2021\/08\/Group-39@2x.png","contentUrl":"https:\/\/hotelmoen.dk\/wp-content\/uploads\/2021\/08\/Group-39@2x.png","width":2313,"height":735,"caption":"Hotel M\u00f8n"},"image":{"@id":"https:\/\/hotelmoen.dk\/#\/schema\/logo\/image\/"},"sameAs":["https:\/\/www.facebook.com\/HotelMoen\/?locale=da_DK"]}]}},"_links":{"self":[{"href":"https:\/\/hotelmoen.dk\/en\/wp-json\/wp\/v2\/pages\/158","targetHints":{"allow":["GET"]}}],"collection":[{"href":"https:\/\/hotelmoen.dk\/en\/wp-json\/wp\/v2\/pages"}],"about":[{"href":"https:\/\/hotelmoen.dk\/en\/wp-json\/wp\/v2\/types\/page"}],"author":[{"embeddable":true,"href":"https:\/\/hotelmoen.dk\/en\/wp-json\/wp\/v2\/users\/1"}],"replies":[{"embeddable":true,"href":"https:\/\/hotelmoen.dk\/en\/wp-json\/wp\/v2\/comments?post=158"}],"version-history":[{"count":31,"href":"https:\/\/hotelmoen.dk\/en\/wp-json\/wp\/v2\/pages\/158\/revisions"}],"predecessor-version":[{"id":1042,"href":"https:\/\/hotelmoen.dk\/en\/wp-json\/wp\/v2\/pages\/158\/revisions\/1042"}],"wp:attachment":[{"href":"https:\/\/hotelmoen.dk\/en\/wp-json\/wp\/v2\/media?parent=158"}],"curies":[{"name":"wp","href":"https:\/\/api.w.org\/{rel}","templated":true}]}}