{"id":16,"date":"2021-08-11T11:47:37","date_gmt":"2021-08-11T11:47:37","guid":{"rendered":"http:\/\/46.4.84.82\/~hotelmoen\/?page_id=16"},"modified":"2025-06-05T18:15:08","modified_gmt":"2025-06-05T18:15:08","slug":"om-restauranten","status":"publish","type":"page","link":"https:\/\/hotelmoen.dk\/en\/om-restauranten\/","title":{"rendered":"About the Restaurant"},"content":{"rendered":"\t\t<div data-elementor-type=\"wp-page\" data-elementor-id=\"16\" class=\"elementor elementor-16\" data-elementor-post-type=\"page\">\n\t\t\t\t\t\t<section class=\"elementor-section elementor-top-section elementor-element elementor-element-14c1c12 elementor-section-full_width elementor-section-height-default elementor-section-height-default\" data-id=\"14c1c12\" data-element_type=\"section\" data-e-type=\"section\" data-settings=\"{&quot;jet_parallax_layout_list&quot;:[{&quot;jet_parallax_layout_image&quot;:{&quot;url&quot;:&quot;&quot;,&quot;id&quot;:&quot;&quot;,&quot;size&quot;:&quot;&quot;},&quot;_id&quot;:&quot;20c246a&quot;,&quot;jet_parallax_layout_image_tablet&quot;:{&quot;url&quot;:&quot;&quot;,&quot;id&quot;:&quot;&quot;,&quot;size&quot;:&quot;&quot;},&quot;jet_parallax_layout_image_mobile&quot;:{&quot;url&quot;:&quot;&quot;,&quot;id&quot;:&quot;&quot;,&quot;size&quot;:&quot;&quot;},&quot;jet_parallax_layout_speed&quot;:{&quot;unit&quot;:&quot;%&quot;,&quot;size&quot;:50,&quot;sizes&quot;:[]},&quot;jet_parallax_layout_type&quot;:&quot;scroll&quot;,&quot;jet_parallax_layout_direction&quot;:&quot;1&quot;,&quot;jet_parallax_layout_fx_direction&quot;:null,&quot;jet_parallax_layout_z_index&quot;:&quot;&quot;,&quot;jet_parallax_layout_bg_x&quot;:50,&quot;jet_parallax_layout_bg_x_tablet&quot;:&quot;&quot;,&quot;jet_parallax_layout_bg_x_mobile&quot;:&quot;&quot;,&quot;jet_parallax_layout_bg_y&quot;:50,&quot;jet_parallax_layout_bg_y_tablet&quot;:&quot;&quot;,&quot;jet_parallax_layout_bg_y_mobile&quot;:&quot;&quot;,&quot;jet_parallax_layout_bg_size&quot;:&quot;auto&quot;,&quot;jet_parallax_layout_bg_size_tablet&quot;:&quot;&quot;,&quot;jet_parallax_layout_bg_size_mobile&quot;:&quot;&quot;,&quot;jet_parallax_layout_animation_prop&quot;:&quot;transform&quot;,&quot;jet_parallax_layout_on&quot;:[&quot;desktop&quot;,&quot;tablet&quot;]}]}\">\n\t\t\t\t\t\t<div class=\"elementor-container elementor-column-gap-default\">\n\t\t\t\t\t<div class=\"elementor-column elementor-col-50 elementor-top-column elementor-element elementor-element-5f91c91\" data-id=\"5f91c91\" data-element_type=\"column\" data-e-type=\"column\">\n\t\t\t<div class=\"elementor-widget-wrap elementor-element-populated\">\n\t\t\t\t\t\t<div class=\"elementor-element elementor-element-84c2f9c elementor-widget elementor-widget-image\" data-id=\"84c2f9c\" data-element_type=\"widget\" data-e-type=\"widget\" data-widget_type=\"image.default\">\n\t\t\t\t<div class=\"elementor-widget-container\">\n\t\t\t\t\t\t\t\t\t\t\t\t\t\t\t<img decoding=\"async\" src=\"https:\/\/hotelmoen.dk\/wp-content\/uploads\/elementor\/thumbs\/Baand-top@2x-1-phhs4jb5q2zcg0f6qszg06jhl8elcg0c5g3ofq9saa.png\" title=\"B\u00e5nd &#8211; top@2x\" alt=\"B\u00e5nd - top@2x\" loading=\"lazy\" \/>\t\t\t\t\t\t\t\t\t\t\t\t\t\t\t<\/div>\n\t\t\t\t<\/div>\n\t\t\t\t<div class=\"elementor-element elementor-element-2632675 elementor-widget elementor-widget-text-editor\" data-id=\"2632675\" data-element_type=\"widget\" data-e-type=\"widget\" data-widget_type=\"text-editor.default\">\n\t\t\t\t<div class=\"elementor-widget-container\">\n\t\t\t\t\t\t\t\t\t<h2>En smagsoplevelse ud over det s\u00e6dvanlige &#8211; stadig kokkereret med en fast h\u00e5nd og k\u00e6rlighed\u2026<\/h2><p>Vores restaurant byder ikke kun p\u00e5 autentiske omgivelser og en stemning som emmer af det oprigtige M\u00f8en. Vores menu byder ogs\u00e5 p\u00e5 smagsoplevelser ud over det s\u00e6dvanlige.\u00a0<\/p><p>Vi har holdt fast i grundtanken, om at dansk mad skab kokkereres med fast h\u00e5nd, med k\u00e6rlighed og med passion. I vores restaurant skal du ikke bare v\u00e6re m\u00e6t, men have lyst til at spise det sidste p\u00e5 tallerknen &#8211; bare fordi det smager himmelsk &#8211; ogs\u00e5 selvom du i forvejen er lidt m\u00e6t.\u00a0<\/p><p>Sammen med vores personale og vores servicering, str\u00e6ber vi efter at give dig den bedste oplevelse &#8211; en oplevelse af det gamle M\u00f8n og af den historiske kvinde Gylla, men med et moderniseret twist.\u00a0<\/p><p>Vores menu byder derfor p\u00e5 alt fra <em>Silderutens tallerken med rugbr\u00f8d &amp; fedt <\/em>til <em>Pariserb\u00f8f med kapers, l\u00f8g, r\u00f8dbeder &amp; \u00e6ggeblomme <\/em>til frokost, samt <em>R\u00f8get laks med \u00e6ble\/peberrodskompot &amp; hjemmebagt br\u00f8d, Kyllingesaute med \u00e5rstidens gr\u00f8nsager &amp; frisk pasta <\/em>og <em>Hjemmelavet islagkage <\/em>som dessert til aften.\u00a0<\/p><p><a href=\"http:\/\/46.4.84.82\/~hotelmoen\/menukort\/\">Se vores menuer her.\u00a0<\/a><\/p>\t\t\t\t\t\t\t\t<\/div>\n\t\t\t\t<\/div>\n\t\t\t\t\t<\/div>\n\t\t<\/div>\n\t\t\t\t<div class=\"elementor-column elementor-col-50 elementor-top-column elementor-element elementor-element-44cb28b\" data-id=\"44cb28b\" data-element_type=\"column\" data-e-type=\"column\">\n\t\t\t<div class=\"elementor-widget-wrap elementor-element-populated\">\n\t\t\t\t\t\t<div class=\"elementor-element elementor-element-84bd08a elementor-widget elementor-widget-image\" data-id=\"84bd08a\" data-element_type=\"widget\" data-e-type=\"widget\" data-widget_type=\"image.default\">\n\t\t\t\t<div class=\"elementor-widget-container\">\n\t\t\t\t\t\t\t\t\t\t\t\t\t\t\t<img fetchpriority=\"high\" decoding=\"async\" width=\"1024\" height=\"676\" src=\"https:\/\/hotelmoen.dk\/wp-content\/uploads\/2021\/12\/28-1024x676.jpg\" class=\"attachment-large size-large wp-image-991\" alt=\"\" srcset=\"https:\/\/hotelmoen.dk\/wp-content\/uploads\/2021\/12\/28-1024x676.jpg 1024w, https:\/\/hotelmoen.dk\/wp-content\/uploads\/2021\/12\/28-300x198.jpg 300w, https:\/\/hotelmoen.dk\/wp-content\/uploads\/2021\/12\/28-768x507.jpg 768w, https:\/\/hotelmoen.dk\/wp-content\/uploads\/2021\/12\/28-1536x1014.jpg 1536w, https:\/\/hotelmoen.dk\/wp-content\/uploads\/2021\/12\/28-18x12.jpg 18w, https:\/\/hotelmoen.dk\/wp-content\/uploads\/2021\/12\/28.jpg 1772w\" sizes=\"(max-width: 1024px) 100vw, 1024px\" \/>\t\t\t\t\t\t\t\t\t\t\t\t\t\t\t<\/div>\n\t\t\t\t<\/div>\n\t\t\t\t<div class=\"elementor-element elementor-element-8b863d5 elementor-widget elementor-widget-text-editor\" data-id=\"8b863d5\" data-element_type=\"widget\" data-e-type=\"widget\" data-widget_type=\"text-editor.default\">\n\t\t\t\t<div class=\"elementor-widget-container\">\n\t\t\t\t\t\t\t\t\t<h4>Restauranten byder altid p\u00e5 en smagsoplevelse ud over det s\u00e6dvanlige og gode dr\u00e5ber til ganen. Her er hjerterum til selskaber og middag for to eller flere.\u00a0<\/h4>\t\t\t\t\t\t\t\t<\/div>\n\t\t\t\t<\/div>\n\t\t\t\t<div class=\"elementor-element elementor-element-034ad26 cta-frontpage-header elementor-tablet-align-left elementor-widget elementor-widget-button\" data-id=\"034ad26\" data-element_type=\"widget\" data-e-type=\"widget\" data-widget_type=\"button.default\">\n\t\t\t\t<div class=\"elementor-widget-container\">\n\t\t\t\t\t\t\t\t\t<div class=\"elementor-button-wrapper\">\n\t\t\t\t\t<a class=\"elementor-button elementor-button-link elementor-size-sm\" href=\"\/menukort\/\">\n\t\t\t\t\t\t<span class=\"elementor-button-content-wrapper\">\n\t\t\t\t\t\t\t\t\t<span class=\"elementor-button-text\">Menukort<\/span>\n\t\t\t\t\t<\/span>\n\t\t\t\t\t<\/a>\n\t\t\t\t<\/div>\n\t\t\t\t\t\t\t\t<\/div>\n\t\t\t\t<\/div>\n\t\t\t\t<div class=\"elementor-element elementor-element-bba3e11 elementor-widget elementor-widget-image\" data-id=\"bba3e11\" data-element_type=\"widget\" data-e-type=\"widget\" data-widget_type=\"image.default\">\n\t\t\t\t<div class=\"elementor-widget-container\">\n\t\t\t\t\t\t\t\t\t\t\t\t\t\t\t\t<a href=\"https:\/\/www.findsmiley.dk\/904405\" target=\"_blank\" rel=\"nofollow\">\n\t\t\t\t\t\t\t<img decoding=\"async\" src=\"https:\/\/hotelmoen.dk\/wp-content\/uploads\/elementor\/thumbs\/Banner_groen_411x490-phg3ki6bgya8d3yu3vj1vobj25s1bprkps7fee4kom.gif\" title=\"Banner_groen_411x490\" alt=\"Banner_groen_411x490\" loading=\"lazy\" \/>\t\t\t\t\t\t\t\t<\/a>\n\t\t\t\t\t\t\t\t\t\t\t\t\t\t\t<\/div>\n\t\t\t\t<\/div>\n\t\t\t\t\t<\/div>\n\t\t<\/div>\n\t\t\t\t\t<\/div>\n\t\t<\/section>\n\t\t\t\t<\/div>\n\t\t","protected":false},"excerpt":{"rendered":"<p>A taste experience beyond the usual - still cooked with a firm hand and love\u2026 Our restaurant offers not only authentic surroundings and an atmosphere that exudes the sincere M\u00f8en. Our menu also offers taste experiences beyond the usual. We have stuck to the basic idea that Danish food cabinets are cooked with\u2026 <a title=\"About the Restaurant\" class=\"read-more\" href=\"https:\/\/hotelmoen.dk\/en\/om-restauranten\/\" aria-label=\"Read more about About the Restaurant\">Read more<\/a><\/p>","protected":false},"author":1,"featured_media":54,"parent":0,"menu_order":0,"comment_status":"closed","ping_status":"closed","template":"","meta":{"footnotes":""},"class_list":["post-16","page","type-page","status-publish","has-post-thumbnail"],"yoast_head":"<!-- This site is optimized with the Yoast SEO plugin v27.4 - https:\/\/yoast.com\/product\/yoast-seo-wordpress\/ -->\n<title>Om Restauranten - Hotel M\u00f8n<\/title>\n<meta name=\"robots\" content=\"index, follow, max-snippet:-1, max-image-preview:large, max-video-preview:-1\" \/>\n<link rel=\"canonical\" href=\"https:\/\/hotelmoen.dk\/en\/om-restauranten\/\" \/>\n<meta property=\"og:locale\" content=\"en_GB\" \/>\n<meta property=\"og:type\" content=\"article\" \/>\n<meta property=\"og:title\" content=\"Om Restauranten - Hotel M\u00f8n\" \/>\n<meta property=\"og:description\" content=\"En smagsoplevelse ud over det s\u00e6dvanlige &#8211; stadig kokkereret med en fast h\u00e5nd og k\u00e6rlighed\u2026 Vores restaurant byder ikke kun p\u00e5 autentiske omgivelser og en stemning som emmer af det oprigtige M\u00f8en. Vores menu byder ogs\u00e5 p\u00e5 smagsoplevelser ud over det s\u00e6dvanlige.\u00a0 Vi har holdt fast i grundtanken, om at dansk mad skab kokkereres med ... Read more\" \/>\n<meta property=\"og:url\" content=\"https:\/\/hotelmoen.dk\/en\/om-restauranten\/\" \/>\n<meta property=\"og:site_name\" content=\"Hotel M\u00f8n\" \/>\n<meta property=\"article:publisher\" content=\"https:\/\/www.facebook.com\/HotelMoen\/?locale=da_DK\" \/>\n<meta property=\"article:modified_time\" content=\"2025-06-05T18:15:08+00:00\" \/>\n<meta property=\"og:image\" content=\"https:\/\/hotelmoen.dk\/wp-content\/uploads\/2021\/08\/IMG_0647@2x.png\" \/>\n\t<meta property=\"og:image:width\" content=\"788\" \/>\n\t<meta property=\"og:image:height\" content=\"722\" \/>\n\t<meta property=\"og:image:type\" content=\"image\/png\" \/>\n<meta name=\"twitter:card\" content=\"summary_large_image\" \/>\n<meta name=\"twitter:label1\" content=\"Estimated reading time\" \/>\n\t<meta name=\"twitter:data1\" content=\"2 minutes\" \/>\n<script type=\"application\/ld+json\" class=\"yoast-schema-graph\">{\"@context\":\"https:\\\/\\\/schema.org\",\"@graph\":[{\"@type\":\"WebPage\",\"@id\":\"https:\\\/\\\/hotelmoen.dk\\\/om-restauranten\\\/\",\"url\":\"https:\\\/\\\/hotelmoen.dk\\\/om-restauranten\\\/\",\"name\":\"Om Restauranten - Hotel M\u00f8n\",\"isPartOf\":{\"@id\":\"https:\\\/\\\/hotelmoen.dk\\\/#website\"},\"primaryImageOfPage\":{\"@id\":\"https:\\\/\\\/hotelmoen.dk\\\/om-restauranten\\\/#primaryimage\"},\"image\":{\"@id\":\"https:\\\/\\\/hotelmoen.dk\\\/om-restauranten\\\/#primaryimage\"},\"thumbnailUrl\":\"https:\\\/\\\/hotelmoen.dk\\\/wp-content\\\/uploads\\\/2021\\\/08\\\/IMG_0647@2x.png\",\"datePublished\":\"2021-08-11T11:47:37+00:00\",\"dateModified\":\"2025-06-05T18:15:08+00:00\",\"breadcrumb\":{\"@id\":\"https:\\\/\\\/hotelmoen.dk\\\/om-restauranten\\\/#breadcrumb\"},\"inLanguage\":\"en-GB\",\"potentialAction\":[{\"@type\":\"ReadAction\",\"target\":[\"https:\\\/\\\/hotelmoen.dk\\\/om-restauranten\\\/\"]}]},{\"@type\":\"ImageObject\",\"inLanguage\":\"en-GB\",\"@id\":\"https:\\\/\\\/hotelmoen.dk\\\/om-restauranten\\\/#primaryimage\",\"url\":\"https:\\\/\\\/hotelmoen.dk\\\/wp-content\\\/uploads\\\/2021\\\/08\\\/IMG_0647@2x.png\",\"contentUrl\":\"https:\\\/\\\/hotelmoen.dk\\\/wp-content\\\/uploads\\\/2021\\\/08\\\/IMG_0647@2x.png\",\"width\":788,\"height\":722},{\"@type\":\"BreadcrumbList\",\"@id\":\"https:\\\/\\\/hotelmoen.dk\\\/om-restauranten\\\/#breadcrumb\",\"itemListElement\":[{\"@type\":\"ListItem\",\"position\":1,\"name\":\"Hjem\",\"item\":\"https:\\\/\\\/hotelmoen.dk\\\/\"},{\"@type\":\"ListItem\",\"position\":2,\"name\":\"Om Restauranten\"}]},{\"@type\":\"WebSite\",\"@id\":\"https:\\\/\\\/hotelmoen.dk\\\/#website\",\"url\":\"https:\\\/\\\/hotelmoen.dk\\\/\",\"name\":\"Hotel M\u00f8n\",\"description\":\"\",\"publisher\":{\"@id\":\"https:\\\/\\\/hotelmoen.dk\\\/#organization\"},\"potentialAction\":[{\"@type\":\"SearchAction\",\"target\":{\"@type\":\"EntryPoint\",\"urlTemplate\":\"https:\\\/\\\/hotelmoen.dk\\\/?s={search_term_string}\"},\"query-input\":{\"@type\":\"PropertyValueSpecification\",\"valueRequired\":true,\"valueName\":\"search_term_string\"}}],\"inLanguage\":\"en-GB\"},{\"@type\":\"Organization\",\"@id\":\"https:\\\/\\\/hotelmoen.dk\\\/#organization\",\"name\":\"Hotel M\u00f8n\",\"url\":\"https:\\\/\\\/hotelmoen.dk\\\/\",\"logo\":{\"@type\":\"ImageObject\",\"inLanguage\":\"en-GB\",\"@id\":\"https:\\\/\\\/hotelmoen.dk\\\/#\\\/schema\\\/logo\\\/image\\\/\",\"url\":\"https:\\\/\\\/hotelmoen.dk\\\/wp-content\\\/uploads\\\/2021\\\/08\\\/Group-39@2x.png\",\"contentUrl\":\"https:\\\/\\\/hotelmoen.dk\\\/wp-content\\\/uploads\\\/2021\\\/08\\\/Group-39@2x.png\",\"width\":2313,\"height\":735,\"caption\":\"Hotel M\u00f8n\"},\"image\":{\"@id\":\"https:\\\/\\\/hotelmoen.dk\\\/#\\\/schema\\\/logo\\\/image\\\/\"},\"sameAs\":[\"https:\\\/\\\/www.facebook.com\\\/HotelMoen\\\/?locale=da_DK\"]}]}<\/script>\n<!-- \/ Yoast SEO plugin. -->","yoast_head_json":{"title":"About the Restaurant - Hotel M\u00f8n","robots":{"index":"index","follow":"follow","max-snippet":"max-snippet:-1","max-image-preview":"max-image-preview:large","max-video-preview":"max-video-preview:-1"},"canonical":"https:\/\/hotelmoen.dk\/en\/om-restauranten\/","og_locale":"en_GB","og_type":"article","og_title":"Om Restauranten - Hotel M\u00f8n","og_description":"En smagsoplevelse ud over det s\u00e6dvanlige &#8211; stadig kokkereret med en fast h\u00e5nd og k\u00e6rlighed\u2026 Vores restaurant byder ikke kun p\u00e5 autentiske omgivelser og en stemning som emmer af det oprigtige M\u00f8en. Vores menu byder ogs\u00e5 p\u00e5 smagsoplevelser ud over det s\u00e6dvanlige.\u00a0 Vi har holdt fast i grundtanken, om at dansk mad skab kokkereres med ... Read more","og_url":"https:\/\/hotelmoen.dk\/en\/om-restauranten\/","og_site_name":"Hotel M\u00f8n","article_publisher":"https:\/\/www.facebook.com\/HotelMoen\/?locale=da_DK","article_modified_time":"2025-06-05T18:15:08+00:00","og_image":[{"width":788,"height":722,"url":"https:\/\/hotelmoen.dk\/wp-content\/uploads\/2021\/08\/IMG_0647@2x.png","type":"image\/png"}],"twitter_card":"summary_large_image","twitter_misc":{"Estimated reading time":"2 minutes"},"schema":{"@context":"https:\/\/schema.org","@graph":[{"@type":"WebPage","@id":"https:\/\/hotelmoen.dk\/om-restauranten\/","url":"https:\/\/hotelmoen.dk\/om-restauranten\/","name":"About the Restaurant - Hotel M\u00f8n","isPartOf":{"@id":"https:\/\/hotelmoen.dk\/#website"},"primaryImageOfPage":{"@id":"https:\/\/hotelmoen.dk\/om-restauranten\/#primaryimage"},"image":{"@id":"https:\/\/hotelmoen.dk\/om-restauranten\/#primaryimage"},"thumbnailUrl":"https:\/\/hotelmoen.dk\/wp-content\/uploads\/2021\/08\/IMG_0647@2x.png","datePublished":"2021-08-11T11:47:37+00:00","dateModified":"2025-06-05T18:15:08+00:00","breadcrumb":{"@id":"https:\/\/hotelmoen.dk\/om-restauranten\/#breadcrumb"},"inLanguage":"en-GB","potentialAction":[{"@type":"ReadAction","target":["https:\/\/hotelmoen.dk\/om-restauranten\/"]}]},{"@type":"ImageObject","inLanguage":"en-GB","@id":"https:\/\/hotelmoen.dk\/om-restauranten\/#primaryimage","url":"https:\/\/hotelmoen.dk\/wp-content\/uploads\/2021\/08\/IMG_0647@2x.png","contentUrl":"https:\/\/hotelmoen.dk\/wp-content\/uploads\/2021\/08\/IMG_0647@2x.png","width":788,"height":722},{"@type":"BreadcrumbList","@id":"https:\/\/hotelmoen.dk\/om-restauranten\/#breadcrumb","itemListElement":[{"@type":"ListItem","position":1,"name":"Hjem","item":"https:\/\/hotelmoen.dk\/"},{"@type":"ListItem","position":2,"name":"Om Restauranten"}]},{"@type":"WebSite","@id":"https:\/\/hotelmoen.dk\/#website","url":"https:\/\/hotelmoen.dk\/","name":"Hotel M\u00f8n","description":"","publisher":{"@id":"https:\/\/hotelmoen.dk\/#organization"},"potentialAction":[{"@type":"SearchAction","target":{"@type":"EntryPoint","urlTemplate":"https:\/\/hotelmoen.dk\/?s={search_term_string}"},"query-input":{"@type":"PropertyValueSpecification","valueRequired":true,"valueName":"search_term_string"}}],"inLanguage":"en-GB"},{"@type":"Organization","@id":"https:\/\/hotelmoen.dk\/#organization","name":"Hotel M\u00f8n","url":"https:\/\/hotelmoen.dk\/","logo":{"@type":"ImageObject","inLanguage":"en-GB","@id":"https:\/\/hotelmoen.dk\/#\/schema\/logo\/image\/","url":"https:\/\/hotelmoen.dk\/wp-content\/uploads\/2021\/08\/Group-39@2x.png","contentUrl":"https:\/\/hotelmoen.dk\/wp-content\/uploads\/2021\/08\/Group-39@2x.png","width":2313,"height":735,"caption":"Hotel M\u00f8n"},"image":{"@id":"https:\/\/hotelmoen.dk\/#\/schema\/logo\/image\/"},"sameAs":["https:\/\/www.facebook.com\/HotelMoen\/?locale=da_DK"]}]}},"_links":{"self":[{"href":"https:\/\/hotelmoen.dk\/en\/wp-json\/wp\/v2\/pages\/16","targetHints":{"allow":["GET"]}}],"collection":[{"href":"https:\/\/hotelmoen.dk\/en\/wp-json\/wp\/v2\/pages"}],"about":[{"href":"https:\/\/hotelmoen.dk\/en\/wp-json\/wp\/v2\/types\/page"}],"author":[{"embeddable":true,"href":"https:\/\/hotelmoen.dk\/en\/wp-json\/wp\/v2\/users\/1"}],"replies":[{"embeddable":true,"href":"https:\/\/hotelmoen.dk\/en\/wp-json\/wp\/v2\/comments?post=16"}],"version-history":[{"count":71,"href":"https:\/\/hotelmoen.dk\/en\/wp-json\/wp\/v2\/pages\/16\/revisions"}],"predecessor-version":[{"id":3239,"href":"https:\/\/hotelmoen.dk\/en\/wp-json\/wp\/v2\/pages\/16\/revisions\/3239"}],"wp:featuredmedia":[{"embeddable":true,"href":"https:\/\/hotelmoen.dk\/en\/wp-json\/wp\/v2\/media\/54"}],"wp:attachment":[{"href":"https:\/\/hotelmoen.dk\/en\/wp-json\/wp\/v2\/media?parent=16"}],"curies":[{"name":"wp","href":"https:\/\/api.w.org\/{rel}","templated":true}]}}