{"id":166,"date":"2021-08-17T09:21:20","date_gmt":"2021-08-17T09:21:20","guid":{"rendered":"http:\/\/46.4.84.82\/~hotelmoen\/?page_id=166"},"modified":"2021-12-13T15:26:11","modified_gmt":"2021-12-13T15:26:11","slug":"morgenmad","status":"publish","type":"page","link":"https:\/\/hotelmoen.dk\/en\/morgenmad\/","title":{"rendered":"Breakfast"},"content":{"rendered":"\t\t<div data-elementor-type=\"wp-page\" data-elementor-id=\"166\" class=\"elementor elementor-166\" data-elementor-post-type=\"page\">\n\t\t\t\t\t\t<section class=\"elementor-section elementor-top-section elementor-element elementor-element-73f5dd12 elementor-section-full_width elementor-section-height-default elementor-section-height-default\" data-id=\"73f5dd12\" data-element_type=\"section\" data-e-type=\"section\" data-settings=\"{&quot;jet_parallax_layout_list&quot;:[{&quot;jet_parallax_layout_image&quot;:{&quot;url&quot;:&quot;&quot;,&quot;id&quot;:&quot;&quot;,&quot;size&quot;:&quot;&quot;},&quot;_id&quot;:&quot;ed0c8fa&quot;,&quot;jet_parallax_layout_image_tablet&quot;:{&quot;url&quot;:&quot;&quot;,&quot;id&quot;:&quot;&quot;,&quot;size&quot;:&quot;&quot;},&quot;jet_parallax_layout_image_mobile&quot;:{&quot;url&quot;:&quot;&quot;,&quot;id&quot;:&quot;&quot;,&quot;size&quot;:&quot;&quot;},&quot;jet_parallax_layout_speed&quot;:{&quot;unit&quot;:&quot;%&quot;,&quot;size&quot;:50,&quot;sizes&quot;:[]},&quot;jet_parallax_layout_type&quot;:&quot;scroll&quot;,&quot;jet_parallax_layout_direction&quot;:&quot;1&quot;,&quot;jet_parallax_layout_fx_direction&quot;:null,&quot;jet_parallax_layout_z_index&quot;:&quot;&quot;,&quot;jet_parallax_layout_bg_x&quot;:50,&quot;jet_parallax_layout_bg_x_tablet&quot;:&quot;&quot;,&quot;jet_parallax_layout_bg_x_mobile&quot;:&quot;&quot;,&quot;jet_parallax_layout_bg_y&quot;:50,&quot;jet_parallax_layout_bg_y_tablet&quot;:&quot;&quot;,&quot;jet_parallax_layout_bg_y_mobile&quot;:&quot;&quot;,&quot;jet_parallax_layout_bg_size&quot;:&quot;auto&quot;,&quot;jet_parallax_layout_bg_size_tablet&quot;:&quot;&quot;,&quot;jet_parallax_layout_bg_size_mobile&quot;:&quot;&quot;,&quot;jet_parallax_layout_animation_prop&quot;:&quot;transform&quot;,&quot;jet_parallax_layout_on&quot;:[&quot;desktop&quot;,&quot;tablet&quot;]}]}\">\n\t\t\t\t\t\t<div class=\"elementor-container elementor-column-gap-default\">\n\t\t\t\t\t<div class=\"elementor-column elementor-col-50 elementor-top-column elementor-element elementor-element-2bff8e4d\" data-id=\"2bff8e4d\" data-element_type=\"column\" data-e-type=\"column\">\n\t\t\t<div class=\"elementor-widget-wrap elementor-element-populated\">\n\t\t\t\t\t\t<div class=\"elementor-element elementor-element-3c1a8f9e elementor-widget elementor-widget-image\" data-id=\"3c1a8f9e\" data-element_type=\"widget\" data-e-type=\"widget\" data-widget_type=\"image.default\">\n\t\t\t\t<div class=\"elementor-widget-container\">\n\t\t\t\t\t\t\t\t\t\t\t\t\t\t\t<img decoding=\"async\" src=\"https:\/\/hotelmoen.dk\/wp-content\/uploads\/elementor\/thumbs\/Baand-top@2x-1-phhs4jb5q2zcg0f6qszg06jhl8elcg0c5g3ofq9saa.png\" title=\"B\u00e5nd &#8211; top@2x\" alt=\"B\u00e5nd - top@2x\" loading=\"lazy\" \/>\t\t\t\t\t\t\t\t\t\t\t\t\t\t\t<\/div>\n\t\t\t\t<\/div>\n\t\t\t\t<div class=\"elementor-element elementor-element-71c4483a elementor-widget elementor-widget-text-editor\" data-id=\"71c4483a\" data-element_type=\"widget\" data-e-type=\"widget\" data-widget_type=\"text-editor.default\">\n\t\t\t\t<div class=\"elementor-widget-container\">\n\t\t\t\t\t\t\t\t\t<h2>Friskbagt br\u00f8d, r\u00f8r\u00e6g og velsmagende kaffe &#8211; med og uden m\u00e6lk<\/h2>\n<p>Vi serverer gerne morgenmad for vores overnattende g\u00e6ster, som \u00f8nsker at tilk\u00f8be denne service.&nbsp;<\/p>\n<p>Morgenmaden best\u00e5r af en traditionel anretning med friskbagt br\u00f8d, rugbr\u00f8d, sm\u00f8r og p\u00e5l\u00e6g &#8211; hertil \u00e6g, bacon, p\u00f8lser, yoghurt og frisk frugt og gr\u00f8nt. I kan naturligvis f\u00e5 en kop kaffe til morgenmaden &#8211; med eller uden m\u00e6lk. Vi byder ogs\u00e5 gerne p\u00e5 et glas juice.&nbsp;<\/p>\n<p>Giv besked om tilk\u00f8b af morgenmad ved indtjekning\/ankomst eller senest aftenen f\u00f8r &#8211; dog senest kl. 20.00.<\/p>\t\t\t\t\t\t\t\t<\/div>\n\t\t\t\t<\/div>\n\t\t\t\t\t<\/div>\n\t\t<\/div>\n\t\t\t\t<div class=\"elementor-column elementor-col-50 elementor-top-column elementor-element elementor-element-53b3c24b\" data-id=\"53b3c24b\" data-element_type=\"column\" data-e-type=\"column\">\n\t\t\t<div class=\"elementor-widget-wrap elementor-element-populated\">\n\t\t\t\t\t\t<div class=\"elementor-element elementor-element-7355f257 elementor-widget elementor-widget-image\" data-id=\"7355f257\" data-element_type=\"widget\" data-e-type=\"widget\" data-widget_type=\"image.default\">\n\t\t\t\t<div class=\"elementor-widget-container\">\n\t\t\t\t\t\t\t\t\t\t\t\t\t\t\t<img fetchpriority=\"high\" decoding=\"async\" width=\"763\" height=\"720\" src=\"https:\/\/hotelmoen.dk\/wp-content\/uploads\/2021\/08\/73528649_815454932208106_3104656748166774784_n-e1629711516551.jpeg\" class=\"attachment-large size-large wp-image-549\" alt=\"\" srcset=\"https:\/\/hotelmoen.dk\/wp-content\/uploads\/2021\/08\/73528649_815454932208106_3104656748166774784_n-e1629711516551.jpeg 763w, https:\/\/hotelmoen.dk\/wp-content\/uploads\/2021\/08\/73528649_815454932208106_3104656748166774784_n-e1629711516551-300x283.jpeg 300w, https:\/\/hotelmoen.dk\/wp-content\/uploads\/2021\/08\/73528649_815454932208106_3104656748166774784_n-e1629711516551-13x12.jpeg 13w\" sizes=\"(max-width: 763px) 100vw, 763px\" \/>\t\t\t\t\t\t\t\t\t\t\t\t\t\t\t<\/div>\n\t\t\t\t<\/div>\n\t\t\t\t<div class=\"elementor-element elementor-element-7c48f638 elementor-widget elementor-widget-text-editor\" data-id=\"7c48f638\" data-element_type=\"widget\" data-e-type=\"widget\" data-widget_type=\"text-editor.default\">\n\t\t\t\t<div class=\"elementor-widget-container\">\n\t\t\t\t\t\t\t\t\t<h4>Alle fortjener en god start p\u00e5 dagen. Med vores morgenmadsanretning f\u00e5r b\u00e5de du og din mave en god start. Det er vigtigt.&nbsp;<\/h4>\t\t\t\t\t\t\t\t<\/div>\n\t\t\t\t<\/div>\n\t\t\t\t<div class=\"elementor-element elementor-element-3684c35 cta-frontpage-header elementor-tablet-align-left elementor-widget elementor-widget-button\" data-id=\"3684c35\" data-element_type=\"widget\" data-e-type=\"widget\" data-widget_type=\"button.default\">\n\t\t\t\t<div class=\"elementor-widget-container\">\n\t\t\t\t\t\t\t\t\t<div class=\"elementor-button-wrapper\">\n\t\t\t\t\t<a class=\"elementor-button elementor-button-link elementor-size-sm\" href=\"\/menukort\/\">\n\t\t\t\t\t\t<span class=\"elementor-button-content-wrapper\">\n\t\t\t\t\t\t\t\t\t<span class=\"elementor-button-text\">Menukort<\/span>\n\t\t\t\t\t<\/span>\n\t\t\t\t\t<\/a>\n\t\t\t\t<\/div>\n\t\t\t\t\t\t\t\t<\/div>\n\t\t\t\t<\/div>\n\t\t\t\t<div class=\"elementor-element elementor-element-5abdc22b elementor-widget elementor-widget-image\" data-id=\"5abdc22b\" data-element_type=\"widget\" data-e-type=\"widget\" data-widget_type=\"image.default\">\n\t\t\t\t<div class=\"elementor-widget-container\">\n\t\t\t\t\t\t\t\t\t\t\t\t\t\t\t\t<a href=\"https:\/\/www.findsmiley.dk\/904405\" target=\"_blank\" rel=\"nofollow\">\n\t\t\t\t\t\t\t<img decoding=\"async\" src=\"https:\/\/hotelmoen.dk\/wp-content\/uploads\/elementor\/thumbs\/Banner_groen_411x490-phg3ki6bgya8d3yu3vj1vobj25s1bprkps7fee4kom.gif\" title=\"Banner_groen_411x490\" alt=\"Banner_groen_411x490\" loading=\"lazy\" \/>\t\t\t\t\t\t\t\t<\/a>\n\t\t\t\t\t\t\t\t\t\t\t\t\t\t\t<\/div>\n\t\t\t\t<\/div>\n\t\t\t\t\t<\/div>\n\t\t<\/div>\n\t\t\t\t\t<\/div>\n\t\t<\/section>\n\t\t\t\t<\/div>\n\t\t","protected":false},"excerpt":{"rendered":"<p>Freshly baked bread, scrambled eggs and tasty coffee - with and without milk We are happy to serve breakfast for our overnight guests who wish to purchase this service. Breakfast consists of a traditional dish with freshly baked bread, rye bread, butter and cold cuts - including eggs, bacon, sausages, yoghurt and fresh fruit and vegetables. You can of course get a cup\u2026 <a title=\"Breakfast\" class=\"read-more\" href=\"https:\/\/hotelmoen.dk\/en\/morgenmad\/\" aria-label=\"Read more about Breakfast\">Read more<\/a><\/p>","protected":false},"author":1,"featured_media":0,"parent":0,"menu_order":0,"comment_status":"closed","ping_status":"closed","template":"","meta":{"footnotes":""},"class_list":["post-166","page","type-page","status-publish"],"yoast_head":"<!-- This site is optimized with the Yoast SEO plugin v27.4 - https:\/\/yoast.com\/product\/yoast-seo-wordpress\/ -->\n<title>Morgenmad - Hotel M\u00f8n<\/title>\n<meta name=\"robots\" content=\"index, follow, max-snippet:-1, max-image-preview:large, max-video-preview:-1\" \/>\n<link rel=\"canonical\" href=\"https:\/\/hotelmoen.dk\/en\/morgenmad\/\" \/>\n<meta property=\"og:locale\" content=\"en_GB\" \/>\n<meta property=\"og:type\" content=\"article\" \/>\n<meta property=\"og:title\" content=\"Morgenmad - Hotel M\u00f8n\" \/>\n<meta property=\"og:description\" content=\"Friskbagt br\u00f8d, r\u00f8r\u00e6g og velsmagende kaffe &#8211; med og uden m\u00e6lk Vi serverer gerne morgenmad for vores overnattende g\u00e6ster, som \u00f8nsker at tilk\u00f8be denne service.&nbsp; Morgenmaden best\u00e5r af en traditionel anretning med friskbagt br\u00f8d, rugbr\u00f8d, sm\u00f8r og p\u00e5l\u00e6g &#8211; hertil \u00e6g, bacon, p\u00f8lser, yoghurt og frisk frugt og gr\u00f8nt. I kan naturligvis f\u00e5 en kop ... Read more\" \/>\n<meta property=\"og:url\" content=\"https:\/\/hotelmoen.dk\/en\/morgenmad\/\" \/>\n<meta property=\"og:site_name\" content=\"Hotel M\u00f8n\" \/>\n<meta property=\"article:publisher\" content=\"https:\/\/www.facebook.com\/HotelMoen\/?locale=da_DK\" \/>\n<meta property=\"article:modified_time\" content=\"2021-12-13T15:26:11+00:00\" \/>\n<meta property=\"og:image\" content=\"http:\/\/46.4.84.82\/~hotelmoen\/wp-content\/uploads\/elementor\/thumbs\/Baand-top@2x-1-pbskh3cf5s128ljiqlnjbm0h9exmooc107xfwr24cc.png\" \/>\n<meta name=\"twitter:card\" content=\"summary_large_image\" \/>\n<meta name=\"twitter:label1\" content=\"Estimated reading time\" \/>\n\t<meta name=\"twitter:data1\" content=\"2 minutes\" \/>\n<script type=\"application\/ld+json\" class=\"yoast-schema-graph\">{\"@context\":\"https:\\\/\\\/schema.org\",\"@graph\":[{\"@type\":\"WebPage\",\"@id\":\"https:\\\/\\\/hotelmoen.dk\\\/morgenmad\\\/\",\"url\":\"https:\\\/\\\/hotelmoen.dk\\\/morgenmad\\\/\",\"name\":\"Morgenmad - Hotel M\u00f8n\",\"isPartOf\":{\"@id\":\"https:\\\/\\\/hotelmoen.dk\\\/#website\"},\"primaryImageOfPage\":{\"@id\":\"https:\\\/\\\/hotelmoen.dk\\\/morgenmad\\\/#primaryimage\"},\"image\":{\"@id\":\"https:\\\/\\\/hotelmoen.dk\\\/morgenmad\\\/#primaryimage\"},\"thumbnailUrl\":\"http:\\\/\\\/46.4.84.82\\\/~hotelmoen\\\/wp-content\\\/uploads\\\/elementor\\\/thumbs\\\/Baand-top@2x-1-pbskh3cf5s128ljiqlnjbm0h9exmooc107xfwr24cc.png\",\"datePublished\":\"2021-08-17T09:21:20+00:00\",\"dateModified\":\"2021-12-13T15:26:11+00:00\",\"breadcrumb\":{\"@id\":\"https:\\\/\\\/hotelmoen.dk\\\/morgenmad\\\/#breadcrumb\"},\"inLanguage\":\"en-GB\",\"potentialAction\":[{\"@type\":\"ReadAction\",\"target\":[\"https:\\\/\\\/hotelmoen.dk\\\/morgenmad\\\/\"]}]},{\"@type\":\"ImageObject\",\"inLanguage\":\"en-GB\",\"@id\":\"https:\\\/\\\/hotelmoen.dk\\\/morgenmad\\\/#primaryimage\",\"url\":\"http:\\\/\\\/46.4.84.82\\\/~hotelmoen\\\/wp-content\\\/uploads\\\/elementor\\\/thumbs\\\/Baand-top@2x-1-pbskh3cf5s128ljiqlnjbm0h9exmooc107xfwr24cc.png\",\"contentUrl\":\"http:\\\/\\\/46.4.84.82\\\/~hotelmoen\\\/wp-content\\\/uploads\\\/elementor\\\/thumbs\\\/Baand-top@2x-1-pbskh3cf5s128ljiqlnjbm0h9exmooc107xfwr24cc.png\"},{\"@type\":\"BreadcrumbList\",\"@id\":\"https:\\\/\\\/hotelmoen.dk\\\/morgenmad\\\/#breadcrumb\",\"itemListElement\":[{\"@type\":\"ListItem\",\"position\":1,\"name\":\"Hjem\",\"item\":\"https:\\\/\\\/hotelmoen.dk\\\/\"},{\"@type\":\"ListItem\",\"position\":2,\"name\":\"Morgenmad\"}]},{\"@type\":\"WebSite\",\"@id\":\"https:\\\/\\\/hotelmoen.dk\\\/#website\",\"url\":\"https:\\\/\\\/hotelmoen.dk\\\/\",\"name\":\"Hotel M\u00f8n\",\"description\":\"\",\"publisher\":{\"@id\":\"https:\\\/\\\/hotelmoen.dk\\\/#organization\"},\"potentialAction\":[{\"@type\":\"SearchAction\",\"target\":{\"@type\":\"EntryPoint\",\"urlTemplate\":\"https:\\\/\\\/hotelmoen.dk\\\/?s={search_term_string}\"},\"query-input\":{\"@type\":\"PropertyValueSpecification\",\"valueRequired\":true,\"valueName\":\"search_term_string\"}}],\"inLanguage\":\"en-GB\"},{\"@type\":\"Organization\",\"@id\":\"https:\\\/\\\/hotelmoen.dk\\\/#organization\",\"name\":\"Hotel M\u00f8n\",\"url\":\"https:\\\/\\\/hotelmoen.dk\\\/\",\"logo\":{\"@type\":\"ImageObject\",\"inLanguage\":\"en-GB\",\"@id\":\"https:\\\/\\\/hotelmoen.dk\\\/#\\\/schema\\\/logo\\\/image\\\/\",\"url\":\"https:\\\/\\\/hotelmoen.dk\\\/wp-content\\\/uploads\\\/2021\\\/08\\\/Group-39@2x.png\",\"contentUrl\":\"https:\\\/\\\/hotelmoen.dk\\\/wp-content\\\/uploads\\\/2021\\\/08\\\/Group-39@2x.png\",\"width\":2313,\"height\":735,\"caption\":\"Hotel M\u00f8n\"},\"image\":{\"@id\":\"https:\\\/\\\/hotelmoen.dk\\\/#\\\/schema\\\/logo\\\/image\\\/\"},\"sameAs\":[\"https:\\\/\\\/www.facebook.com\\\/HotelMoen\\\/?locale=da_DK\"]}]}<\/script>\n<!-- \/ Yoast SEO plugin. -->","yoast_head_json":{"title":"Breakfast - Hotel M\u00f8n","robots":{"index":"index","follow":"follow","max-snippet":"max-snippet:-1","max-image-preview":"max-image-preview:large","max-video-preview":"max-video-preview:-1"},"canonical":"https:\/\/hotelmoen.dk\/en\/morgenmad\/","og_locale":"en_GB","og_type":"article","og_title":"Morgenmad - Hotel M\u00f8n","og_description":"Friskbagt br\u00f8d, r\u00f8r\u00e6g og velsmagende kaffe &#8211; med og uden m\u00e6lk Vi serverer gerne morgenmad for vores overnattende g\u00e6ster, som \u00f8nsker at tilk\u00f8be denne service.&nbsp; Morgenmaden best\u00e5r af en traditionel anretning med friskbagt br\u00f8d, rugbr\u00f8d, sm\u00f8r og p\u00e5l\u00e6g &#8211; hertil \u00e6g, bacon, p\u00f8lser, yoghurt og frisk frugt og gr\u00f8nt. I kan naturligvis f\u00e5 en kop ... Read more","og_url":"https:\/\/hotelmoen.dk\/en\/morgenmad\/","og_site_name":"Hotel M\u00f8n","article_publisher":"https:\/\/www.facebook.com\/HotelMoen\/?locale=da_DK","article_modified_time":"2021-12-13T15:26:11+00:00","og_image":[{"url":"http:\/\/46.4.84.82\/~hotelmoen\/wp-content\/uploads\/elementor\/thumbs\/Baand-top@2x-1-pbskh3cf5s128ljiqlnjbm0h9exmooc107xfwr24cc.png","type":"","width":"","height":""}],"twitter_card":"summary_large_image","twitter_misc":{"Estimated reading time":"2 minutes"},"schema":{"@context":"https:\/\/schema.org","@graph":[{"@type":"WebPage","@id":"https:\/\/hotelmoen.dk\/morgenmad\/","url":"https:\/\/hotelmoen.dk\/morgenmad\/","name":"Breakfast - Hotel M\u00f8n","isPartOf":{"@id":"https:\/\/hotelmoen.dk\/#website"},"primaryImageOfPage":{"@id":"https:\/\/hotelmoen.dk\/morgenmad\/#primaryimage"},"image":{"@id":"https:\/\/hotelmoen.dk\/morgenmad\/#primaryimage"},"thumbnailUrl":"http:\/\/46.4.84.82\/~hotelmoen\/wp-content\/uploads\/elementor\/thumbs\/Baand-top@2x-1-pbskh3cf5s128ljiqlnjbm0h9exmooc107xfwr24cc.png","datePublished":"2021-08-17T09:21:20+00:00","dateModified":"2021-12-13T15:26:11+00:00","breadcrumb":{"@id":"https:\/\/hotelmoen.dk\/morgenmad\/#breadcrumb"},"inLanguage":"en-GB","potentialAction":[{"@type":"ReadAction","target":["https:\/\/hotelmoen.dk\/morgenmad\/"]}]},{"@type":"ImageObject","inLanguage":"en-GB","@id":"https:\/\/hotelmoen.dk\/morgenmad\/#primaryimage","url":"http:\/\/46.4.84.82\/~hotelmoen\/wp-content\/uploads\/elementor\/thumbs\/Baand-top@2x-1-pbskh3cf5s128ljiqlnjbm0h9exmooc107xfwr24cc.png","contentUrl":"http:\/\/46.4.84.82\/~hotelmoen\/wp-content\/uploads\/elementor\/thumbs\/Baand-top@2x-1-pbskh3cf5s128ljiqlnjbm0h9exmooc107xfwr24cc.png"},{"@type":"BreadcrumbList","@id":"https:\/\/hotelmoen.dk\/morgenmad\/#breadcrumb","itemListElement":[{"@type":"ListItem","position":1,"name":"Hjem","item":"https:\/\/hotelmoen.dk\/"},{"@type":"ListItem","position":2,"name":"Morgenmad"}]},{"@type":"WebSite","@id":"https:\/\/hotelmoen.dk\/#website","url":"https:\/\/hotelmoen.dk\/","name":"Hotel M\u00f8n","description":"","publisher":{"@id":"https:\/\/hotelmoen.dk\/#organization"},"potentialAction":[{"@type":"SearchAction","target":{"@type":"EntryPoint","urlTemplate":"https:\/\/hotelmoen.dk\/?s={search_term_string}"},"query-input":{"@type":"PropertyValueSpecification","valueRequired":true,"valueName":"search_term_string"}}],"inLanguage":"en-GB"},{"@type":"Organization","@id":"https:\/\/hotelmoen.dk\/#organization","name":"Hotel M\u00f8n","url":"https:\/\/hotelmoen.dk\/","logo":{"@type":"ImageObject","inLanguage":"en-GB","@id":"https:\/\/hotelmoen.dk\/#\/schema\/logo\/image\/","url":"https:\/\/hotelmoen.dk\/wp-content\/uploads\/2021\/08\/Group-39@2x.png","contentUrl":"https:\/\/hotelmoen.dk\/wp-content\/uploads\/2021\/08\/Group-39@2x.png","width":2313,"height":735,"caption":"Hotel M\u00f8n"},"image":{"@id":"https:\/\/hotelmoen.dk\/#\/schema\/logo\/image\/"},"sameAs":["https:\/\/www.facebook.com\/HotelMoen\/?locale=da_DK"]}]}},"_links":{"self":[{"href":"https:\/\/hotelmoen.dk\/en\/wp-json\/wp\/v2\/pages\/166","targetHints":{"allow":["GET"]}}],"collection":[{"href":"https:\/\/hotelmoen.dk\/en\/wp-json\/wp\/v2\/pages"}],"about":[{"href":"https:\/\/hotelmoen.dk\/en\/wp-json\/wp\/v2\/types\/page"}],"author":[{"embeddable":true,"href":"https:\/\/hotelmoen.dk\/en\/wp-json\/wp\/v2\/users\/1"}],"replies":[{"embeddable":true,"href":"https:\/\/hotelmoen.dk\/en\/wp-json\/wp\/v2\/comments?post=166"}],"version-history":[{"count":43,"href":"https:\/\/hotelmoen.dk\/en\/wp-json\/wp\/v2\/pages\/166\/revisions"}],"predecessor-version":[{"id":1060,"href":"https:\/\/hotelmoen.dk\/en\/wp-json\/wp\/v2\/pages\/166\/revisions\/1060"}],"wp:attachment":[{"href":"https:\/\/hotelmoen.dk\/en\/wp-json\/wp\/v2\/media?parent=166"}],"curies":[{"name":"wp","href":"https:\/\/api.w.org\/{rel}","templated":true}]}}