{"id":168,"date":"2021-08-17T09:21:27","date_gmt":"2021-08-17T09:21:27","guid":{"rendered":"http:\/\/46.4.84.82\/~hotelmoen\/?page_id=168"},"modified":"2021-12-13T15:26:11","modified_gmt":"2021-12-13T15:26:11","slug":"praktiske-oplysninger","status":"publish","type":"page","link":"https:\/\/hotelmoen.dk\/en\/praktiske-oplysninger\/","title":{"rendered":"Practical information"},"content":{"rendered":"\t\t<div data-elementor-type=\"wp-page\" data-elementor-id=\"168\" class=\"elementor elementor-168\" data-elementor-post-type=\"page\">\n\t\t\t\t\t\t<section class=\"elementor-section elementor-top-section elementor-element elementor-element-524e1893 elementor-section-full_width elementor-section-height-default elementor-section-height-default\" data-id=\"524e1893\" data-element_type=\"section\" data-e-type=\"section\" data-settings=\"{&quot;jet_parallax_layout_list&quot;:[{&quot;jet_parallax_layout_image&quot;:{&quot;url&quot;:&quot;&quot;,&quot;id&quot;:&quot;&quot;,&quot;size&quot;:&quot;&quot;},&quot;_id&quot;:&quot;2bb714b&quot;,&quot;jet_parallax_layout_image_tablet&quot;:{&quot;url&quot;:&quot;&quot;,&quot;id&quot;:&quot;&quot;,&quot;size&quot;:&quot;&quot;},&quot;jet_parallax_layout_image_mobile&quot;:{&quot;url&quot;:&quot;&quot;,&quot;id&quot;:&quot;&quot;,&quot;size&quot;:&quot;&quot;},&quot;jet_parallax_layout_speed&quot;:{&quot;unit&quot;:&quot;%&quot;,&quot;size&quot;:50,&quot;sizes&quot;:[]},&quot;jet_parallax_layout_type&quot;:&quot;scroll&quot;,&quot;jet_parallax_layout_direction&quot;:&quot;1&quot;,&quot;jet_parallax_layout_fx_direction&quot;:null,&quot;jet_parallax_layout_z_index&quot;:&quot;&quot;,&quot;jet_parallax_layout_bg_x&quot;:50,&quot;jet_parallax_layout_bg_x_tablet&quot;:&quot;&quot;,&quot;jet_parallax_layout_bg_x_mobile&quot;:&quot;&quot;,&quot;jet_parallax_layout_bg_y&quot;:50,&quot;jet_parallax_layout_bg_y_tablet&quot;:&quot;&quot;,&quot;jet_parallax_layout_bg_y_mobile&quot;:&quot;&quot;,&quot;jet_parallax_layout_bg_size&quot;:&quot;auto&quot;,&quot;jet_parallax_layout_bg_size_tablet&quot;:&quot;&quot;,&quot;jet_parallax_layout_bg_size_mobile&quot;:&quot;&quot;,&quot;jet_parallax_layout_animation_prop&quot;:&quot;transform&quot;,&quot;jet_parallax_layout_on&quot;:[&quot;desktop&quot;,&quot;tablet&quot;]}]}\">\n\t\t\t\t\t\t<div class=\"elementor-container elementor-column-gap-default\">\n\t\t\t\t\t<div class=\"elementor-column elementor-col-50 elementor-top-column elementor-element elementor-element-2082bd77\" data-id=\"2082bd77\" data-element_type=\"column\" data-e-type=\"column\">\n\t\t\t<div class=\"elementor-widget-wrap elementor-element-populated\">\n\t\t\t\t\t\t<div class=\"elementor-element elementor-element-b9d4c01 elementor-widget elementor-widget-image\" data-id=\"b9d4c01\" data-element_type=\"widget\" data-e-type=\"widget\" data-widget_type=\"image.default\">\n\t\t\t\t<div class=\"elementor-widget-container\">\n\t\t\t\t\t\t\t\t\t\t\t\t\t\t\t<img decoding=\"async\" src=\"https:\/\/hotelmoen.dk\/wp-content\/uploads\/elementor\/thumbs\/Baand-top@2x-1-phhs4jb5q2zcg0f6qszg06jhl8elcg0c5g3ofq9saa.png\" title=\"B\u00e5nd &#8211; top@2x\" alt=\"B\u00e5nd - top@2x\" loading=\"lazy\" \/>\t\t\t\t\t\t\t\t\t\t\t\t\t\t\t<\/div>\n\t\t\t\t<\/div>\n\t\t\t\t<div class=\"elementor-element elementor-element-21456ce0 elementor-widget elementor-widget-text-editor\" data-id=\"21456ce0\" data-element_type=\"widget\" data-e-type=\"widget\" data-widget_type=\"text-editor.default\">\n\t\t\t\t<div class=\"elementor-widget-container\">\n\t\t\t\t\t\t\t\t\t<h2>Der skal v\u00e6re plads til os alle&#8230;<\/h2><p>Vi g\u00f8r derfor beboer og bes\u00f8gende p\u00e5 Hotel M\u00f8en opm\u00e6rksom p\u00e5 at husdyr ikke er tilladt p\u00e5 hotellet eller i restauranten. Husdyr er dog tilladt i vores g\u00e5rdmilj\u00f8, hvis ikke de er til gene for \u00f8vrige g\u00e6ster.\u00a0<\/p><p>Rygning er ikke tilladt p\u00e5 hotellet, p\u00e5 v\u00e6relser eller i vores opholdsrum. Rygning er dog tilladt i vores g\u00e5rdmilj\u00f8, s\u00e5fremt det ikke er til gene for andre g\u00e6ster.\u00a0<\/p><p>Det er kun muligt at parkere foran hotellet i to timers intervaller mandag &#8211; l\u00f8rdag. Vi henviser derfor til nedenst\u00e5ende kort med henblik p\u00e5 gratis l\u00e6ngerevarende parkering.\u00a0<\/p><p>Husk at vores navn er et levn fra gammel tid, som vi \u00f8nsker at bibeholde. Dette er i dag et Bed &amp; Breakfast og restaurant.\u00a0<\/p>\t\t\t\t\t\t\t\t<\/div>\n\t\t\t\t<\/div>\n\t\t\t\t\t<\/div>\n\t\t<\/div>\n\t\t\t\t<div class=\"elementor-column elementor-col-50 elementor-top-column elementor-element elementor-element-3f2d7a82\" data-id=\"3f2d7a82\" data-element_type=\"column\" data-e-type=\"column\">\n\t\t\t<div class=\"elementor-widget-wrap elementor-element-populated\">\n\t\t\t\t\t\t<div class=\"elementor-element elementor-element-7cb0bc0f elementor-widget elementor-widget-image\" data-id=\"7cb0bc0f\" data-element_type=\"widget\" data-e-type=\"widget\" data-widget_type=\"image.default\">\n\t\t\t\t<div class=\"elementor-widget-container\">\n\t\t\t\t\t\t\t\t\t\t\t\t\t\t\t<img fetchpriority=\"high\" decoding=\"async\" width=\"1024\" height=\"683\" src=\"https:\/\/hotelmoen.dk\/wp-content\/uploads\/2021\/11\/DSC6759-HDR-1024x683.jpg\" class=\"attachment-large size-large wp-image-920\" alt=\"\" srcset=\"https:\/\/hotelmoen.dk\/wp-content\/uploads\/2021\/11\/DSC6759-HDR-1024x683.jpg 1024w, https:\/\/hotelmoen.dk\/wp-content\/uploads\/2021\/11\/DSC6759-HDR-300x200.jpg 300w, https:\/\/hotelmoen.dk\/wp-content\/uploads\/2021\/11\/DSC6759-HDR-768x512.jpg 768w, https:\/\/hotelmoen.dk\/wp-content\/uploads\/2021\/11\/DSC6759-HDR-1536x1024.jpg 1536w, https:\/\/hotelmoen.dk\/wp-content\/uploads\/2021\/11\/DSC6759-HDR-2048x1365.jpg 2048w, https:\/\/hotelmoen.dk\/wp-content\/uploads\/2021\/11\/DSC6759-HDR-18x12.jpg 18w\" sizes=\"(max-width: 1024px) 100vw, 1024px\" \/>\t\t\t\t\t\t\t\t\t\t\t\t\t\t\t<\/div>\n\t\t\t\t<\/div>\n\t\t\t\t<div class=\"elementor-element elementor-element-5f136f9e elementor-widget elementor-widget-text-editor\" data-id=\"5f136f9e\" data-element_type=\"widget\" data-e-type=\"widget\" data-widget_type=\"text-editor.default\">\n\t\t\t\t<div class=\"elementor-widget-container\">\n\t\t\t\t\t\t\t\t\t<h4>\u00a0Vores B&amp;B er intimt og hyggeligt. Vi kan derfor ikke undg\u00e5 at komme hinanden ved. Vis derfor hensyn til din nabo.\u00a0<\/h4>\t\t\t\t\t\t\t\t<\/div>\n\t\t\t\t<\/div>\n\t\t\t\t<div class=\"elementor-element elementor-element-331c5633 cta-frontpage-header elementor-tablet-align-left elementor-widget elementor-widget-button\" data-id=\"331c5633\" data-element_type=\"widget\" data-e-type=\"widget\" data-widget_type=\"button.default\">\n\t\t\t\t<div class=\"elementor-widget-container\">\n\t\t\t\t\t\t\t\t\t<div class=\"elementor-button-wrapper\">\n\t\t\t\t\t<a class=\"elementor-button elementor-button-link elementor-size-sm\" href=\"\/menukort\/\">\n\t\t\t\t\t\t<span class=\"elementor-button-content-wrapper\">\n\t\t\t\t\t\t\t\t\t<span class=\"elementor-button-text\">Menukort<\/span>\n\t\t\t\t\t<\/span>\n\t\t\t\t\t<\/a>\n\t\t\t\t<\/div>\n\t\t\t\t\t\t\t\t<\/div>\n\t\t\t\t<\/div>\n\t\t\t\t<div class=\"elementor-element elementor-element-22c2f30 elementor-widget elementor-widget-image\" data-id=\"22c2f30\" data-element_type=\"widget\" data-e-type=\"widget\" data-widget_type=\"image.default\">\n\t\t\t\t<div class=\"elementor-widget-container\">\n\t\t\t\t\t\t\t\t\t\t\t\t\t\t\t\t<a href=\"https:\/\/www.findsmiley.dk\/904405\" target=\"_blank\" rel=\"nofollow\">\n\t\t\t\t\t\t\t<img decoding=\"async\" src=\"https:\/\/hotelmoen.dk\/wp-content\/uploads\/elementor\/thumbs\/Banner_groen_411x490-phg3ki6bgya8d3yu3vj1vobj25s1bprkps7fee4kom.gif\" title=\"Banner_groen_411x490\" alt=\"Banner_groen_411x490\" loading=\"lazy\" \/>\t\t\t\t\t\t\t\t<\/a>\n\t\t\t\t\t\t\t\t\t\t\t\t\t\t\t<\/div>\n\t\t\t\t<\/div>\n\t\t\t\t\t<\/div>\n\t\t<\/div>\n\t\t\t\t\t<\/div>\n\t\t<\/section>\n\t\t\t\t<\/div>\n\t\t","protected":false},"excerpt":{"rendered":"<p>There must be room for all of us\u2026 We therefore make residents and visitors at Hotel M\u00f8en aware that pets are not allowed in the hotel or restaurant. However, pets are allowed in our farm environment, unless they are a nuisance to other guests. Smoking is not allowed in the hotel, in rooms or in our\u2026 <a title=\"Practical information\" class=\"read-more\" href=\"https:\/\/hotelmoen.dk\/en\/praktiske-oplysninger\/\" aria-label=\"Read more about Practical information\">Read more<\/a><\/p>","protected":false},"author":1,"featured_media":0,"parent":0,"menu_order":0,"comment_status":"closed","ping_status":"closed","template":"","meta":{"footnotes":""},"class_list":["post-168","page","type-page","status-publish"],"yoast_head":"<!-- This site is optimized with the Yoast SEO plugin v27.4 - https:\/\/yoast.com\/product\/yoast-seo-wordpress\/ -->\n<title>Praktiske oplysninger - Hotel M\u00f8n<\/title>\n<meta name=\"robots\" content=\"index, follow, max-snippet:-1, max-image-preview:large, max-video-preview:-1\" \/>\n<link rel=\"canonical\" href=\"https:\/\/hotelmoen.dk\/en\/praktiske-oplysninger\/\" \/>\n<meta property=\"og:locale\" content=\"en_GB\" \/>\n<meta property=\"og:type\" content=\"article\" \/>\n<meta property=\"og:title\" content=\"Praktiske oplysninger - Hotel M\u00f8n\" \/>\n<meta property=\"og:description\" content=\"Der skal v\u00e6re plads til os alle&#8230; Vi g\u00f8r derfor beboer og bes\u00f8gende p\u00e5 Hotel M\u00f8en opm\u00e6rksom p\u00e5 at husdyr ikke er tilladt p\u00e5 hotellet eller i restauranten. Husdyr er dog tilladt i vores g\u00e5rdmilj\u00f8, hvis ikke de er til gene for \u00f8vrige g\u00e6ster.\u00a0 Rygning er ikke tilladt p\u00e5 hotellet, p\u00e5 v\u00e6relser eller i vores ... Read more\" \/>\n<meta property=\"og:url\" content=\"https:\/\/hotelmoen.dk\/en\/praktiske-oplysninger\/\" \/>\n<meta property=\"og:site_name\" content=\"Hotel M\u00f8n\" \/>\n<meta property=\"article:publisher\" content=\"https:\/\/www.facebook.com\/HotelMoen\/?locale=da_DK\" \/>\n<meta property=\"article:modified_time\" content=\"2021-12-13T15:26:11+00:00\" \/>\n<meta property=\"og:image\" content=\"http:\/\/46.4.84.82\/~hotelmoen\/wp-content\/uploads\/elementor\/thumbs\/Baand-top@2x-1-pbskh3cf5s128ljiqlnjbm0h9exmooc107xfwr24cc.png\" \/>\n<meta name=\"twitter:card\" content=\"summary_large_image\" \/>\n<meta name=\"twitter:label1\" content=\"Estimated reading time\" \/>\n\t<meta name=\"twitter:data1\" content=\"2 minutes\" \/>\n<script type=\"application\/ld+json\" class=\"yoast-schema-graph\">{\"@context\":\"https:\\\/\\\/schema.org\",\"@graph\":[{\"@type\":\"WebPage\",\"@id\":\"https:\\\/\\\/hotelmoen.dk\\\/praktiske-oplysninger\\\/\",\"url\":\"https:\\\/\\\/hotelmoen.dk\\\/praktiske-oplysninger\\\/\",\"name\":\"Praktiske oplysninger - Hotel M\u00f8n\",\"isPartOf\":{\"@id\":\"https:\\\/\\\/hotelmoen.dk\\\/#website\"},\"primaryImageOfPage\":{\"@id\":\"https:\\\/\\\/hotelmoen.dk\\\/praktiske-oplysninger\\\/#primaryimage\"},\"image\":{\"@id\":\"https:\\\/\\\/hotelmoen.dk\\\/praktiske-oplysninger\\\/#primaryimage\"},\"thumbnailUrl\":\"http:\\\/\\\/46.4.84.82\\\/~hotelmoen\\\/wp-content\\\/uploads\\\/elementor\\\/thumbs\\\/Baand-top@2x-1-pbskh3cf5s128ljiqlnjbm0h9exmooc107xfwr24cc.png\",\"datePublished\":\"2021-08-17T09:21:27+00:00\",\"dateModified\":\"2021-12-13T15:26:11+00:00\",\"breadcrumb\":{\"@id\":\"https:\\\/\\\/hotelmoen.dk\\\/praktiske-oplysninger\\\/#breadcrumb\"},\"inLanguage\":\"en-GB\",\"potentialAction\":[{\"@type\":\"ReadAction\",\"target\":[\"https:\\\/\\\/hotelmoen.dk\\\/praktiske-oplysninger\\\/\"]}]},{\"@type\":\"ImageObject\",\"inLanguage\":\"en-GB\",\"@id\":\"https:\\\/\\\/hotelmoen.dk\\\/praktiske-oplysninger\\\/#primaryimage\",\"url\":\"http:\\\/\\\/46.4.84.82\\\/~hotelmoen\\\/wp-content\\\/uploads\\\/elementor\\\/thumbs\\\/Baand-top@2x-1-pbskh3cf5s128ljiqlnjbm0h9exmooc107xfwr24cc.png\",\"contentUrl\":\"http:\\\/\\\/46.4.84.82\\\/~hotelmoen\\\/wp-content\\\/uploads\\\/elementor\\\/thumbs\\\/Baand-top@2x-1-pbskh3cf5s128ljiqlnjbm0h9exmooc107xfwr24cc.png\"},{\"@type\":\"BreadcrumbList\",\"@id\":\"https:\\\/\\\/hotelmoen.dk\\\/praktiske-oplysninger\\\/#breadcrumb\",\"itemListElement\":[{\"@type\":\"ListItem\",\"position\":1,\"name\":\"Hjem\",\"item\":\"https:\\\/\\\/hotelmoen.dk\\\/\"},{\"@type\":\"ListItem\",\"position\":2,\"name\":\"Praktiske oplysninger\"}]},{\"@type\":\"WebSite\",\"@id\":\"https:\\\/\\\/hotelmoen.dk\\\/#website\",\"url\":\"https:\\\/\\\/hotelmoen.dk\\\/\",\"name\":\"Hotel M\u00f8n\",\"description\":\"\",\"publisher\":{\"@id\":\"https:\\\/\\\/hotelmoen.dk\\\/#organization\"},\"potentialAction\":[{\"@type\":\"SearchAction\",\"target\":{\"@type\":\"EntryPoint\",\"urlTemplate\":\"https:\\\/\\\/hotelmoen.dk\\\/?s={search_term_string}\"},\"query-input\":{\"@type\":\"PropertyValueSpecification\",\"valueRequired\":true,\"valueName\":\"search_term_string\"}}],\"inLanguage\":\"en-GB\"},{\"@type\":\"Organization\",\"@id\":\"https:\\\/\\\/hotelmoen.dk\\\/#organization\",\"name\":\"Hotel M\u00f8n\",\"url\":\"https:\\\/\\\/hotelmoen.dk\\\/\",\"logo\":{\"@type\":\"ImageObject\",\"inLanguage\":\"en-GB\",\"@id\":\"https:\\\/\\\/hotelmoen.dk\\\/#\\\/schema\\\/logo\\\/image\\\/\",\"url\":\"https:\\\/\\\/hotelmoen.dk\\\/wp-content\\\/uploads\\\/2021\\\/08\\\/Group-39@2x.png\",\"contentUrl\":\"https:\\\/\\\/hotelmoen.dk\\\/wp-content\\\/uploads\\\/2021\\\/08\\\/Group-39@2x.png\",\"width\":2313,\"height\":735,\"caption\":\"Hotel M\u00f8n\"},\"image\":{\"@id\":\"https:\\\/\\\/hotelmoen.dk\\\/#\\\/schema\\\/logo\\\/image\\\/\"},\"sameAs\":[\"https:\\\/\\\/www.facebook.com\\\/HotelMoen\\\/?locale=da_DK\"]}]}<\/script>\n<!-- \/ Yoast SEO plugin. -->","yoast_head_json":{"title":"Practical information - Hotel M\u00f8n","robots":{"index":"index","follow":"follow","max-snippet":"max-snippet:-1","max-image-preview":"max-image-preview:large","max-video-preview":"max-video-preview:-1"},"canonical":"https:\/\/hotelmoen.dk\/en\/praktiske-oplysninger\/","og_locale":"en_GB","og_type":"article","og_title":"Praktiske oplysninger - Hotel M\u00f8n","og_description":"Der skal v\u00e6re plads til os alle&#8230; Vi g\u00f8r derfor beboer og bes\u00f8gende p\u00e5 Hotel M\u00f8en opm\u00e6rksom p\u00e5 at husdyr ikke er tilladt p\u00e5 hotellet eller i restauranten. Husdyr er dog tilladt i vores g\u00e5rdmilj\u00f8, hvis ikke de er til gene for \u00f8vrige g\u00e6ster.\u00a0 Rygning er ikke tilladt p\u00e5 hotellet, p\u00e5 v\u00e6relser eller i vores ... Read more","og_url":"https:\/\/hotelmoen.dk\/en\/praktiske-oplysninger\/","og_site_name":"Hotel M\u00f8n","article_publisher":"https:\/\/www.facebook.com\/HotelMoen\/?locale=da_DK","article_modified_time":"2021-12-13T15:26:11+00:00","og_image":[{"url":"http:\/\/46.4.84.82\/~hotelmoen\/wp-content\/uploads\/elementor\/thumbs\/Baand-top@2x-1-pbskh3cf5s128ljiqlnjbm0h9exmooc107xfwr24cc.png","type":"","width":"","height":""}],"twitter_card":"summary_large_image","twitter_misc":{"Estimated reading time":"2 minutes"},"schema":{"@context":"https:\/\/schema.org","@graph":[{"@type":"WebPage","@id":"https:\/\/hotelmoen.dk\/praktiske-oplysninger\/","url":"https:\/\/hotelmoen.dk\/praktiske-oplysninger\/","name":"Practical information - Hotel M\u00f8n","isPartOf":{"@id":"https:\/\/hotelmoen.dk\/#website"},"primaryImageOfPage":{"@id":"https:\/\/hotelmoen.dk\/praktiske-oplysninger\/#primaryimage"},"image":{"@id":"https:\/\/hotelmoen.dk\/praktiske-oplysninger\/#primaryimage"},"thumbnailUrl":"http:\/\/46.4.84.82\/~hotelmoen\/wp-content\/uploads\/elementor\/thumbs\/Baand-top@2x-1-pbskh3cf5s128ljiqlnjbm0h9exmooc107xfwr24cc.png","datePublished":"2021-08-17T09:21:27+00:00","dateModified":"2021-12-13T15:26:11+00:00","breadcrumb":{"@id":"https:\/\/hotelmoen.dk\/praktiske-oplysninger\/#breadcrumb"},"inLanguage":"en-GB","potentialAction":[{"@type":"ReadAction","target":["https:\/\/hotelmoen.dk\/praktiske-oplysninger\/"]}]},{"@type":"ImageObject","inLanguage":"en-GB","@id":"https:\/\/hotelmoen.dk\/praktiske-oplysninger\/#primaryimage","url":"http:\/\/46.4.84.82\/~hotelmoen\/wp-content\/uploads\/elementor\/thumbs\/Baand-top@2x-1-pbskh3cf5s128ljiqlnjbm0h9exmooc107xfwr24cc.png","contentUrl":"http:\/\/46.4.84.82\/~hotelmoen\/wp-content\/uploads\/elementor\/thumbs\/Baand-top@2x-1-pbskh3cf5s128ljiqlnjbm0h9exmooc107xfwr24cc.png"},{"@type":"BreadcrumbList","@id":"https:\/\/hotelmoen.dk\/praktiske-oplysninger\/#breadcrumb","itemListElement":[{"@type":"ListItem","position":1,"name":"Hjem","item":"https:\/\/hotelmoen.dk\/"},{"@type":"ListItem","position":2,"name":"Praktiske oplysninger"}]},{"@type":"WebSite","@id":"https:\/\/hotelmoen.dk\/#website","url":"https:\/\/hotelmoen.dk\/","name":"Hotel M\u00f8n","description":"","publisher":{"@id":"https:\/\/hotelmoen.dk\/#organization"},"potentialAction":[{"@type":"SearchAction","target":{"@type":"EntryPoint","urlTemplate":"https:\/\/hotelmoen.dk\/?s={search_term_string}"},"query-input":{"@type":"PropertyValueSpecification","valueRequired":true,"valueName":"search_term_string"}}],"inLanguage":"en-GB"},{"@type":"Organization","@id":"https:\/\/hotelmoen.dk\/#organization","name":"Hotel M\u00f8n","url":"https:\/\/hotelmoen.dk\/","logo":{"@type":"ImageObject","inLanguage":"en-GB","@id":"https:\/\/hotelmoen.dk\/#\/schema\/logo\/image\/","url":"https:\/\/hotelmoen.dk\/wp-content\/uploads\/2021\/08\/Group-39@2x.png","contentUrl":"https:\/\/hotelmoen.dk\/wp-content\/uploads\/2021\/08\/Group-39@2x.png","width":2313,"height":735,"caption":"Hotel M\u00f8n"},"image":{"@id":"https:\/\/hotelmoen.dk\/#\/schema\/logo\/image\/"},"sameAs":["https:\/\/www.facebook.com\/HotelMoen\/?locale=da_DK"]}]}},"_links":{"self":[{"href":"https:\/\/hotelmoen.dk\/en\/wp-json\/wp\/v2\/pages\/168","targetHints":{"allow":["GET"]}}],"collection":[{"href":"https:\/\/hotelmoen.dk\/en\/wp-json\/wp\/v2\/pages"}],"about":[{"href":"https:\/\/hotelmoen.dk\/en\/wp-json\/wp\/v2\/types\/page"}],"author":[{"embeddable":true,"href":"https:\/\/hotelmoen.dk\/en\/wp-json\/wp\/v2\/users\/1"}],"replies":[{"embeddable":true,"href":"https:\/\/hotelmoen.dk\/en\/wp-json\/wp\/v2\/comments?post=168"}],"version-history":[{"count":31,"href":"https:\/\/hotelmoen.dk\/en\/wp-json\/wp\/v2\/pages\/168\/revisions"}],"predecessor-version":[{"id":1063,"href":"https:\/\/hotelmoen.dk\/en\/wp-json\/wp\/v2\/pages\/168\/revisions\/1063"}],"wp:attachment":[{"href":"https:\/\/hotelmoen.dk\/en\/wp-json\/wp\/v2\/media?parent=168"}],"curies":[{"name":"wp","href":"https:\/\/api.w.org\/{rel}","templated":true}]}}