{"id":24,"date":"2021-08-11T11:48:15","date_gmt":"2021-08-11T11:48:15","guid":{"rendered":"http:\/\/46.4.84.82\/~hotelmoen\/?page_id=24"},"modified":"2021-12-13T15:26:11","modified_gmt":"2021-12-13T15:26:11","slug":"selskaber","status":"publish","type":"page","link":"https:\/\/hotelmoen.dk\/en\/selskaber\/","title":{"rendered":"Companies"},"content":{"rendered":"\t\t<div data-elementor-type=\"wp-page\" data-elementor-id=\"24\" class=\"elementor elementor-24\" data-elementor-post-type=\"page\">\n\t\t\t\t\t\t<section class=\"elementor-section elementor-top-section elementor-element elementor-element-2ed1be35 elementor-section-full_width elementor-section-height-default elementor-section-height-default\" data-id=\"2ed1be35\" data-element_type=\"section\" data-e-type=\"section\" data-settings=\"{&quot;jet_parallax_layout_list&quot;:[{&quot;jet_parallax_layout_image&quot;:{&quot;url&quot;:&quot;&quot;,&quot;id&quot;:&quot;&quot;,&quot;size&quot;:&quot;&quot;},&quot;_id&quot;:&quot;3f671d8&quot;,&quot;jet_parallax_layout_image_tablet&quot;:{&quot;url&quot;:&quot;&quot;,&quot;id&quot;:&quot;&quot;,&quot;size&quot;:&quot;&quot;},&quot;jet_parallax_layout_image_mobile&quot;:{&quot;url&quot;:&quot;&quot;,&quot;id&quot;:&quot;&quot;,&quot;size&quot;:&quot;&quot;},&quot;jet_parallax_layout_speed&quot;:{&quot;unit&quot;:&quot;%&quot;,&quot;size&quot;:50,&quot;sizes&quot;:[]},&quot;jet_parallax_layout_type&quot;:&quot;scroll&quot;,&quot;jet_parallax_layout_direction&quot;:&quot;1&quot;,&quot;jet_parallax_layout_fx_direction&quot;:null,&quot;jet_parallax_layout_z_index&quot;:&quot;&quot;,&quot;jet_parallax_layout_bg_x&quot;:50,&quot;jet_parallax_layout_bg_x_tablet&quot;:&quot;&quot;,&quot;jet_parallax_layout_bg_x_mobile&quot;:&quot;&quot;,&quot;jet_parallax_layout_bg_y&quot;:50,&quot;jet_parallax_layout_bg_y_tablet&quot;:&quot;&quot;,&quot;jet_parallax_layout_bg_y_mobile&quot;:&quot;&quot;,&quot;jet_parallax_layout_bg_size&quot;:&quot;auto&quot;,&quot;jet_parallax_layout_bg_size_tablet&quot;:&quot;&quot;,&quot;jet_parallax_layout_bg_size_mobile&quot;:&quot;&quot;,&quot;jet_parallax_layout_animation_prop&quot;:&quot;transform&quot;,&quot;jet_parallax_layout_on&quot;:[&quot;desktop&quot;,&quot;tablet&quot;]}]}\">\n\t\t\t\t\t\t<div class=\"elementor-container elementor-column-gap-default\">\n\t\t\t\t\t<div class=\"elementor-column elementor-col-50 elementor-top-column elementor-element elementor-element-6a83116e\" data-id=\"6a83116e\" data-element_type=\"column\" data-e-type=\"column\">\n\t\t\t<div class=\"elementor-widget-wrap elementor-element-populated\">\n\t\t\t\t\t\t<div class=\"elementor-element elementor-element-40b5135c elementor-widget elementor-widget-image\" data-id=\"40b5135c\" data-element_type=\"widget\" data-e-type=\"widget\" data-widget_type=\"image.default\">\n\t\t\t\t<div class=\"elementor-widget-container\">\n\t\t\t\t\t\t\t\t\t\t\t\t\t\t\t<img decoding=\"async\" src=\"https:\/\/hotelmoen.dk\/wp-content\/uploads\/elementor\/thumbs\/Baand-top@2x-1-phhs4jb5q2zcg0f6qszg06jhl8elcg0c5g3ofq9saa.png\" title=\"B\u00e5nd &#8211; top@2x\" alt=\"B\u00e5nd - top@2x\" loading=\"lazy\" \/>\t\t\t\t\t\t\t\t\t\t\t\t\t\t\t<\/div>\n\t\t\t\t<\/div>\n\t\t\t\t<div class=\"elementor-element elementor-element-7987c8d8 elementor-widget elementor-widget-text-editor\" data-id=\"7987c8d8\" data-element_type=\"widget\" data-e-type=\"widget\" data-widget_type=\"text-editor.default\">\n\t\t\t\t<div class=\"elementor-widget-container\">\n\t\t\t\t\t\t\t\t\t<h2>Er dr\u00f8mmen at holde selskab i vore omgivelser? S\u00e5 lad os sammen g\u00f8re dr\u00f8mmen til virkelighed&#8230;<\/h2><p>Hotel M\u00f8en er stedet for ethvert selskab, bryllup, barned\u00e5b, f\u00f8dselsdage, begravelse m.m. I samarbejde med jer skaber vi omgivelserne til jeres selskab.<\/p><p>Vi stiller service, serviceringspersonale, dekorationer og en skr\u00e6ddersyet menu med tilh\u00f8rende vinmenu til r\u00e5dighed. Har I specifikke \u00f8nsker til menuen eller skal vi tage h\u00f8jde for allergener, s\u00e5 giv venligst besked herom. Vi g\u00f8r vores yderste for at im\u00f8dekomme jeres \u00f8nsker.\u00a0<\/p><p>DEN LILLE STUE<br \/>Den lille stue er velegnet til mindre selskaber p\u00e5 ca. 12-14 personer, hvor hyggen kommer frem.<\/p><p>DEN STORE STUE\/RESTAURANTEN<br \/>Den store stue er velegnet til lidt st\u00f8rre selskaber, hvor der er plads til ca. 40 personer. Der er mulighed for at samle familien og f\u00e5 nogle hyggelige timer sammen.<\/p><p>Det er ogs\u00e5 muligt at kombinere de to stuer for lidt st\u00f8rre selskaber p\u00e5 ca. 55 personer. Dog vil det betyde, at selskabet vil v\u00e6re fordelt i to lokaler, men har stadig mulighed for at v\u00e6re t\u00e6t sammen.\u00a0<\/p><p>CIGARKASSEN<br \/>Cigarkassen er et lille selskabslokale velegnet til selskaber p\u00e5 ca. 30 personer, samt diverse m\u00f8der, da man tr\u00e6kker sig tilbage fra restaurantens \u00f8vrige g\u00e6ster.<\/p><p>Find yderligere information p\u00e5 Facebook \u201dHotel M\u00f8en\u201d, hvor vi l\u00f8bende skriver om vores aktiviteter.<\/p><p>PRAKTISK INFORMATION<br \/>Rygning foreg\u00e5r altid udend\u00f8rs, og er ikke tilladt i vores selskabslokaler. Selskabet kan hjemsendes s\u00e5fremt de er til gene for andre g\u00e6ster eller ikke overholder g\u00e6ldende retningslinjer. Der kan forekomme erstatningskrav, s\u00e5fremt service, lokaler eller andet interi\u00f8r beskadiges af selskabets g\u00e6ster.\u00a0<\/p>\t\t\t\t\t\t\t\t<\/div>\n\t\t\t\t<\/div>\n\t\t\t\t\t<\/div>\n\t\t<\/div>\n\t\t\t\t<div class=\"elementor-column elementor-col-50 elementor-top-column elementor-element elementor-element-16dc02bb\" data-id=\"16dc02bb\" data-element_type=\"column\" data-e-type=\"column\">\n\t\t\t<div class=\"elementor-widget-wrap elementor-element-populated\">\n\t\t\t\t\t\t<div class=\"elementor-element elementor-element-3fbe1b27 elementor-widget elementor-widget-image\" data-id=\"3fbe1b27\" data-element_type=\"widget\" data-e-type=\"widget\" data-widget_type=\"image.default\">\n\t\t\t\t<div class=\"elementor-widget-container\">\n\t\t\t\t\t\t\t\t\t\t\t\t\t\t\t<img fetchpriority=\"high\" decoding=\"async\" width=\"684\" height=\"688\" src=\"https:\/\/hotelmoen.dk\/wp-content\/uploads\/2021\/08\/70763578_772707929816140_1227991683195469824_n-e1629703908379.jpeg\" class=\"attachment-large size-large wp-image-553\" alt=\"\" srcset=\"https:\/\/hotelmoen.dk\/wp-content\/uploads\/2021\/08\/70763578_772707929816140_1227991683195469824_n-e1629703908379.jpeg 684w, https:\/\/hotelmoen.dk\/wp-content\/uploads\/2021\/08\/70763578_772707929816140_1227991683195469824_n-e1629703908379-298x300.jpeg 298w, https:\/\/hotelmoen.dk\/wp-content\/uploads\/2021\/08\/70763578_772707929816140_1227991683195469824_n-e1629703908379-150x150.jpeg 150w, https:\/\/hotelmoen.dk\/wp-content\/uploads\/2021\/08\/70763578_772707929816140_1227991683195469824_n-e1629703908379-12x12.jpeg 12w\" sizes=\"(max-width: 684px) 100vw, 684px\" \/>\t\t\t\t\t\t\t\t\t\t\t\t\t\t\t<\/div>\n\t\t\t\t<\/div>\n\t\t\t\t<div class=\"elementor-element elementor-element-66346333 elementor-widget elementor-widget-text-editor\" data-id=\"66346333\" data-element_type=\"widget\" data-e-type=\"widget\" data-widget_type=\"text-editor.default\">\n\t\t\t\t<div class=\"elementor-widget-container\">\n\t\t\t\t\t\t\t\t\t<h4>Hotel Moen er den perfekte lokation til at holde bryllup, konfirmation, barned\u00e5b eller runde f\u00f8dselsdage. Vi tager h\u00f8jde for alt der er med til at sikre den gode fest.\u00a0<\/h4>\t\t\t\t\t\t\t\t<\/div>\n\t\t\t\t<\/div>\n\t\t\t\t<div class=\"elementor-element elementor-element-7fb1c2ec cta-frontpage-header elementor-tablet-align-left elementor-widget elementor-widget-button\" data-id=\"7fb1c2ec\" data-element_type=\"widget\" data-e-type=\"widget\" data-widget_type=\"button.default\">\n\t\t\t\t<div class=\"elementor-widget-container\">\n\t\t\t\t\t\t\t\t\t<div class=\"elementor-button-wrapper\">\n\t\t\t\t\t<a class=\"elementor-button elementor-button-link elementor-size-sm\" href=\"\/menukort\/\">\n\t\t\t\t\t\t<span class=\"elementor-button-content-wrapper\">\n\t\t\t\t\t\t\t\t\t<span class=\"elementor-button-text\">Menukort<\/span>\n\t\t\t\t\t<\/span>\n\t\t\t\t\t<\/a>\n\t\t\t\t<\/div>\n\t\t\t\t\t\t\t\t<\/div>\n\t\t\t\t<\/div>\n\t\t\t\t<div class=\"elementor-element elementor-element-ed74f3b elementor-widget elementor-widget-image\" data-id=\"ed74f3b\" data-element_type=\"widget\" data-e-type=\"widget\" data-widget_type=\"image.default\">\n\t\t\t\t<div class=\"elementor-widget-container\">\n\t\t\t\t\t\t\t\t\t\t\t\t\t\t\t\t<a href=\"https:\/\/www.findsmiley.dk\/904405\" target=\"_blank\" rel=\"nofollow\">\n\t\t\t\t\t\t\t<img decoding=\"async\" src=\"https:\/\/hotelmoen.dk\/wp-content\/uploads\/elementor\/thumbs\/Banner_groen_411x490-phg3ki6bgya8d3yu3vj1vobj25s1bprkps7fee4kom.gif\" title=\"Banner_groen_411x490\" alt=\"Banner_groen_411x490\" loading=\"lazy\" \/>\t\t\t\t\t\t\t\t<\/a>\n\t\t\t\t\t\t\t\t\t\t\t\t\t\t\t<\/div>\n\t\t\t\t<\/div>\n\t\t\t\t\t<\/div>\n\t\t<\/div>\n\t\t\t\t\t<\/div>\n\t\t<\/section>\n\t\t\t\t<\/div>\n\t\t","protected":false},"excerpt":{"rendered":"<p>Is the dream to keep company in our surroundings? So let&#039;s make the dream come true together\u2026 Hotel M\u00f8en is the place for any party, wedding, christening, birthdays, funeral, etc. In collaboration with you, we create the surroundings for your company. We provide service, servicing staff, decorations and a tailor-made menu with accompanying wine menu. Do you have specific\u2026 <a title=\"Companies\" class=\"read-more\" href=\"https:\/\/hotelmoen.dk\/en\/selskaber\/\" aria-label=\"Read more about Companies\">Read more<\/a><\/p>","protected":false},"author":1,"featured_media":0,"parent":0,"menu_order":0,"comment_status":"closed","ping_status":"closed","template":"","meta":{"footnotes":""},"class_list":["post-24","page","type-page","status-publish"],"yoast_head":"<!-- This site is optimized with the Yoast SEO plugin v27.4 - https:\/\/yoast.com\/product\/yoast-seo-wordpress\/ -->\n<title>Selskaber - Hotel M\u00f8n<\/title>\n<meta name=\"robots\" content=\"index, follow, max-snippet:-1, max-image-preview:large, max-video-preview:-1\" \/>\n<link rel=\"canonical\" href=\"https:\/\/hotelmoen.dk\/en\/selskaber\/\" \/>\n<meta property=\"og:locale\" content=\"en_GB\" \/>\n<meta property=\"og:type\" content=\"article\" \/>\n<meta property=\"og:title\" content=\"Selskaber - Hotel M\u00f8n\" \/>\n<meta property=\"og:description\" content=\"Er dr\u00f8mmen at holde selskab i vore omgivelser? S\u00e5 lad os sammen g\u00f8re dr\u00f8mmen til virkelighed&#8230; Hotel M\u00f8en er stedet for ethvert selskab, bryllup, barned\u00e5b, f\u00f8dselsdage, begravelse m.m. I samarbejde med jer skaber vi omgivelserne til jeres selskab. Vi stiller service, serviceringspersonale, dekorationer og en skr\u00e6ddersyet menu med tilh\u00f8rende vinmenu til r\u00e5dighed. Har I specifikke ... Read more\" \/>\n<meta property=\"og:url\" content=\"https:\/\/hotelmoen.dk\/en\/selskaber\/\" \/>\n<meta property=\"og:site_name\" content=\"Hotel M\u00f8n\" \/>\n<meta property=\"article:publisher\" content=\"https:\/\/www.facebook.com\/HotelMoen\/?locale=da_DK\" \/>\n<meta property=\"article:modified_time\" content=\"2021-12-13T15:26:11+00:00\" \/>\n<meta property=\"og:image\" content=\"http:\/\/46.4.84.82\/~hotelmoen\/wp-content\/uploads\/elementor\/thumbs\/Baand-top@2x-1-pbskh3cf5s128ljiqlnjbm0h9exmooc107xfwr24cc.png\" \/>\n<meta name=\"twitter:card\" content=\"summary_large_image\" \/>\n<meta name=\"twitter:label1\" content=\"Estimated reading time\" \/>\n\t<meta name=\"twitter:data1\" content=\"2 minutes\" \/>\n<script type=\"application\/ld+json\" class=\"yoast-schema-graph\">{\"@context\":\"https:\\\/\\\/schema.org\",\"@graph\":[{\"@type\":\"WebPage\",\"@id\":\"https:\\\/\\\/hotelmoen.dk\\\/selskaber\\\/\",\"url\":\"https:\\\/\\\/hotelmoen.dk\\\/selskaber\\\/\",\"name\":\"Selskaber - Hotel M\u00f8n\",\"isPartOf\":{\"@id\":\"https:\\\/\\\/hotelmoen.dk\\\/#website\"},\"primaryImageOfPage\":{\"@id\":\"https:\\\/\\\/hotelmoen.dk\\\/selskaber\\\/#primaryimage\"},\"image\":{\"@id\":\"https:\\\/\\\/hotelmoen.dk\\\/selskaber\\\/#primaryimage\"},\"thumbnailUrl\":\"http:\\\/\\\/46.4.84.82\\\/~hotelmoen\\\/wp-content\\\/uploads\\\/elementor\\\/thumbs\\\/Baand-top@2x-1-pbskh3cf5s128ljiqlnjbm0h9exmooc107xfwr24cc.png\",\"datePublished\":\"2021-08-11T11:48:15+00:00\",\"dateModified\":\"2021-12-13T15:26:11+00:00\",\"breadcrumb\":{\"@id\":\"https:\\\/\\\/hotelmoen.dk\\\/selskaber\\\/#breadcrumb\"},\"inLanguage\":\"en-GB\",\"potentialAction\":[{\"@type\":\"ReadAction\",\"target\":[\"https:\\\/\\\/hotelmoen.dk\\\/selskaber\\\/\"]}]},{\"@type\":\"ImageObject\",\"inLanguage\":\"en-GB\",\"@id\":\"https:\\\/\\\/hotelmoen.dk\\\/selskaber\\\/#primaryimage\",\"url\":\"http:\\\/\\\/46.4.84.82\\\/~hotelmoen\\\/wp-content\\\/uploads\\\/elementor\\\/thumbs\\\/Baand-top@2x-1-pbskh3cf5s128ljiqlnjbm0h9exmooc107xfwr24cc.png\",\"contentUrl\":\"http:\\\/\\\/46.4.84.82\\\/~hotelmoen\\\/wp-content\\\/uploads\\\/elementor\\\/thumbs\\\/Baand-top@2x-1-pbskh3cf5s128ljiqlnjbm0h9exmooc107xfwr24cc.png\"},{\"@type\":\"BreadcrumbList\",\"@id\":\"https:\\\/\\\/hotelmoen.dk\\\/selskaber\\\/#breadcrumb\",\"itemListElement\":[{\"@type\":\"ListItem\",\"position\":1,\"name\":\"Hjem\",\"item\":\"https:\\\/\\\/hotelmoen.dk\\\/\"},{\"@type\":\"ListItem\",\"position\":2,\"name\":\"Selskaber\"}]},{\"@type\":\"WebSite\",\"@id\":\"https:\\\/\\\/hotelmoen.dk\\\/#website\",\"url\":\"https:\\\/\\\/hotelmoen.dk\\\/\",\"name\":\"Hotel M\u00f8n\",\"description\":\"\",\"publisher\":{\"@id\":\"https:\\\/\\\/hotelmoen.dk\\\/#organization\"},\"potentialAction\":[{\"@type\":\"SearchAction\",\"target\":{\"@type\":\"EntryPoint\",\"urlTemplate\":\"https:\\\/\\\/hotelmoen.dk\\\/?s={search_term_string}\"},\"query-input\":{\"@type\":\"PropertyValueSpecification\",\"valueRequired\":true,\"valueName\":\"search_term_string\"}}],\"inLanguage\":\"en-GB\"},{\"@type\":\"Organization\",\"@id\":\"https:\\\/\\\/hotelmoen.dk\\\/#organization\",\"name\":\"Hotel M\u00f8n\",\"url\":\"https:\\\/\\\/hotelmoen.dk\\\/\",\"logo\":{\"@type\":\"ImageObject\",\"inLanguage\":\"en-GB\",\"@id\":\"https:\\\/\\\/hotelmoen.dk\\\/#\\\/schema\\\/logo\\\/image\\\/\",\"url\":\"https:\\\/\\\/hotelmoen.dk\\\/wp-content\\\/uploads\\\/2021\\\/08\\\/Group-39@2x.png\",\"contentUrl\":\"https:\\\/\\\/hotelmoen.dk\\\/wp-content\\\/uploads\\\/2021\\\/08\\\/Group-39@2x.png\",\"width\":2313,\"height\":735,\"caption\":\"Hotel M\u00f8n\"},\"image\":{\"@id\":\"https:\\\/\\\/hotelmoen.dk\\\/#\\\/schema\\\/logo\\\/image\\\/\"},\"sameAs\":[\"https:\\\/\\\/www.facebook.com\\\/HotelMoen\\\/?locale=da_DK\"]}]}<\/script>\n<!-- \/ Yoast SEO plugin. -->","yoast_head_json":{"title":"Companies - Hotel M\u00f8n","robots":{"index":"index","follow":"follow","max-snippet":"max-snippet:-1","max-image-preview":"max-image-preview:large","max-video-preview":"max-video-preview:-1"},"canonical":"https:\/\/hotelmoen.dk\/en\/selskaber\/","og_locale":"en_GB","og_type":"article","og_title":"Selskaber - Hotel M\u00f8n","og_description":"Er dr\u00f8mmen at holde selskab i vore omgivelser? S\u00e5 lad os sammen g\u00f8re dr\u00f8mmen til virkelighed&#8230; Hotel M\u00f8en er stedet for ethvert selskab, bryllup, barned\u00e5b, f\u00f8dselsdage, begravelse m.m. I samarbejde med jer skaber vi omgivelserne til jeres selskab. Vi stiller service, serviceringspersonale, dekorationer og en skr\u00e6ddersyet menu med tilh\u00f8rende vinmenu til r\u00e5dighed. Har I specifikke ... Read more","og_url":"https:\/\/hotelmoen.dk\/en\/selskaber\/","og_site_name":"Hotel M\u00f8n","article_publisher":"https:\/\/www.facebook.com\/HotelMoen\/?locale=da_DK","article_modified_time":"2021-12-13T15:26:11+00:00","og_image":[{"url":"http:\/\/46.4.84.82\/~hotelmoen\/wp-content\/uploads\/elementor\/thumbs\/Baand-top@2x-1-pbskh3cf5s128ljiqlnjbm0h9exmooc107xfwr24cc.png","type":"","width":"","height":""}],"twitter_card":"summary_large_image","twitter_misc":{"Estimated reading time":"2 minutes"},"schema":{"@context":"https:\/\/schema.org","@graph":[{"@type":"WebPage","@id":"https:\/\/hotelmoen.dk\/selskaber\/","url":"https:\/\/hotelmoen.dk\/selskaber\/","name":"Companies - Hotel M\u00f8n","isPartOf":{"@id":"https:\/\/hotelmoen.dk\/#website"},"primaryImageOfPage":{"@id":"https:\/\/hotelmoen.dk\/selskaber\/#primaryimage"},"image":{"@id":"https:\/\/hotelmoen.dk\/selskaber\/#primaryimage"},"thumbnailUrl":"http:\/\/46.4.84.82\/~hotelmoen\/wp-content\/uploads\/elementor\/thumbs\/Baand-top@2x-1-pbskh3cf5s128ljiqlnjbm0h9exmooc107xfwr24cc.png","datePublished":"2021-08-11T11:48:15+00:00","dateModified":"2021-12-13T15:26:11+00:00","breadcrumb":{"@id":"https:\/\/hotelmoen.dk\/selskaber\/#breadcrumb"},"inLanguage":"en-GB","potentialAction":[{"@type":"ReadAction","target":["https:\/\/hotelmoen.dk\/selskaber\/"]}]},{"@type":"ImageObject","inLanguage":"en-GB","@id":"https:\/\/hotelmoen.dk\/selskaber\/#primaryimage","url":"http:\/\/46.4.84.82\/~hotelmoen\/wp-content\/uploads\/elementor\/thumbs\/Baand-top@2x-1-pbskh3cf5s128ljiqlnjbm0h9exmooc107xfwr24cc.png","contentUrl":"http:\/\/46.4.84.82\/~hotelmoen\/wp-content\/uploads\/elementor\/thumbs\/Baand-top@2x-1-pbskh3cf5s128ljiqlnjbm0h9exmooc107xfwr24cc.png"},{"@type":"BreadcrumbList","@id":"https:\/\/hotelmoen.dk\/selskaber\/#breadcrumb","itemListElement":[{"@type":"ListItem","position":1,"name":"Hjem","item":"https:\/\/hotelmoen.dk\/"},{"@type":"ListItem","position":2,"name":"Selskaber"}]},{"@type":"WebSite","@id":"https:\/\/hotelmoen.dk\/#website","url":"https:\/\/hotelmoen.dk\/","name":"Hotel M\u00f8n","description":"","publisher":{"@id":"https:\/\/hotelmoen.dk\/#organization"},"potentialAction":[{"@type":"SearchAction","target":{"@type":"EntryPoint","urlTemplate":"https:\/\/hotelmoen.dk\/?s={search_term_string}"},"query-input":{"@type":"PropertyValueSpecification","valueRequired":true,"valueName":"search_term_string"}}],"inLanguage":"en-GB"},{"@type":"Organization","@id":"https:\/\/hotelmoen.dk\/#organization","name":"Hotel M\u00f8n","url":"https:\/\/hotelmoen.dk\/","logo":{"@type":"ImageObject","inLanguage":"en-GB","@id":"https:\/\/hotelmoen.dk\/#\/schema\/logo\/image\/","url":"https:\/\/hotelmoen.dk\/wp-content\/uploads\/2021\/08\/Group-39@2x.png","contentUrl":"https:\/\/hotelmoen.dk\/wp-content\/uploads\/2021\/08\/Group-39@2x.png","width":2313,"height":735,"caption":"Hotel M\u00f8n"},"image":{"@id":"https:\/\/hotelmoen.dk\/#\/schema\/logo\/image\/"},"sameAs":["https:\/\/www.facebook.com\/HotelMoen\/?locale=da_DK"]}]}},"_links":{"self":[{"href":"https:\/\/hotelmoen.dk\/en\/wp-json\/wp\/v2\/pages\/24","targetHints":{"allow":["GET"]}}],"collection":[{"href":"https:\/\/hotelmoen.dk\/en\/wp-json\/wp\/v2\/pages"}],"about":[{"href":"https:\/\/hotelmoen.dk\/en\/wp-json\/wp\/v2\/types\/page"}],"author":[{"embeddable":true,"href":"https:\/\/hotelmoen.dk\/en\/wp-json\/wp\/v2\/users\/1"}],"replies":[{"embeddable":true,"href":"https:\/\/hotelmoen.dk\/en\/wp-json\/wp\/v2\/comments?post=24"}],"version-history":[{"count":52,"href":"https:\/\/hotelmoen.dk\/en\/wp-json\/wp\/v2\/pages\/24\/revisions"}],"predecessor-version":[{"id":1036,"href":"https:\/\/hotelmoen.dk\/en\/wp-json\/wp\/v2\/pages\/24\/revisions\/1036"}],"wp:attachment":[{"href":"https:\/\/hotelmoen.dk\/en\/wp-json\/wp\/v2\/media?parent=24"}],"curies":[{"name":"wp","href":"https:\/\/api.w.org\/{rel}","templated":true}]}}